{"id":5555,"date":"2016-05-17T10:41:28","date_gmt":"2016-05-17T08:41:28","guid":{"rendered":"http:\/\/judaica-unsleben.de\/de\/map\/unsleben-album\/"},"modified":"2017-03-20T18:08:20","modified_gmt":"2017-03-20T16:08:20","slug":"unsleben-album","status":"publish","type":"page","link":"https:\/\/judaica-unsleben.de\/de\/map\/unsleben-album\/","title":{"rendered":"J\u00fcdische Familien im Bild"},"content":{"rendered":"<p>[et_pb_section admin_label=&#8220;Header&#8220; fullwidth=&#8220;on&#8220; specialty=&#8220;off&#8220; background_image=&#8220;http:\/\/judaica-unsleben.de\/wp-content\/uploads\/2015\/12\/eyalta_photo-3199801.jpg&#8220; transparent_background=&#8220;off&#8220; allow_player_pause=&#8220;off&#8220; inner_shadow=&#8220;off&#8220; parallax=&#8220;off&#8220; parallax_method=&#8220;on&#8220; padding_mobile=&#8220;off&#8220; make_fullwidth=&#8220;off&#8220; use_custom_width=&#8220;off&#8220; width_unit=&#8220;on&#8220; make_equal=&#8220;off&#8220; use_custom_gutter=&#8220;off&#8220; custom_padding=&#8220;0px|0px|0px|0px&#8220; background_color=&#8220;#ffffff&#8220;][et_pb_fullwidth_header admin_label=&#8220;Fullwidth Header&#8220; background_layout=&#8220;dark&#8220; text_orientation=&#8220;left&#8220; header_fullscreen=&#8220;off&#8220; header_scroll_down=&#8220;off&#8220; parallax=&#8220;off&#8220; parallax_method=&#8220;off&#8220; content_orientation=&#8220;center&#8220; image_orientation=&#8220;center&#8220; title_font_size=&#8220;48&#8243; custom_button_one=&#8220;off&#8220; button_one_letter_spacing=&#8220;0&#8243; button_one_use_icon=&#8220;default&#8220; button_one_icon_placement=&#8220;right&#8220; button_one_on_hover=&#8220;on&#8220; button_one_letter_spacing_hover=&#8220;0&#8243; custom_button_two=&#8220;off&#8220; button_two_letter_spacing=&#8220;0&#8243; button_two_use_icon=&#8220;default&#8220; button_two_icon_placement=&#8220;right&#8220; button_two_on_hover=&#8220;on&#8220; button_two_letter_spacing_hover=&#8220;0&#8243; title=&#8220;Unfolding Communities&#8220; subhead=&#8220;The Lost Jews of Unsleben&#8220; subhead_font_size=&#8220;28px&#8220; background_color=&#8220;rgba(0,0,0,0.36)&#8220; title_font_color=&#8220;#ffffff&#8220;] [\/et_pb_fullwidth_header][et_pb_fullwidth_menu admin_label=&#8220;Fullwidth Menu&#8220; menu_id=&#8220;2&#8243; background_color=&#8220;rgba(28,28,28,0.64)&#8220; background_layout=&#8220;dark&#8220; text_orientation=&#8220;center&#8220; submenu_direction=&#8220;downwards&#8220; fullwidth_menu=&#8220;off&#8220; dropdown_menu_animation=&#8220;fade&#8220; menu_font_size=&#8220;22px&#8220; active_link_color=&#8220;#af1a24&#8243; custom_css_main_element=&#8220; border-style: solid;|| border-bottom: solid #952727;|| border-bottom-width: 6px;||&#8220; custom_css_active_menu_link=&#8220;color: #f0cd7a !important;||&#8220; custom_css_dropdown_container=&#8220;width:350px;&#8220; custom_css_dropdown_links=&#8220;width:350px;&#8220;] [\/et_pb_fullwidth_menu][\/et_pb_section][et_pb_section admin_label=&#8220;Section&#8220; fullwidth=&#8220;off&#8220; specialty=&#8220;off&#8220; transparent_background=&#8220;off&#8220; background_color=&#8220;#ffffff&#8220; allow_player_pause=&#8220;off&#8220; inner_shadow=&#8220;off&#8220; parallax=&#8220;off&#8220; parallax_method=&#8220;off&#8220; custom_padding=&#8220;0px|0px|0px|0px&#8220; padding_mobile=&#8220;off&#8220; make_fullwidth=&#8220;off&#8220; use_custom_width=&#8220;off&#8220; width_unit=&#8220;on&#8220; make_equal=&#8220;off&#8220; use_custom_gutter=&#8220;off&#8220;][et_pb_row admin_label=&#8220;Row&#8220; make_fullwidth=&#8220;off&#8220; use_custom_width=&#8220;off&#8220; width_unit=&#8220;on&#8220; use_custom_gutter=&#8220;off&#8220; custom_padding=&#8220;||2px|&#8220; padding_mobile=&#8220;off&#8220; allow_player_pause=&#8220;off&#8220; parallax=&#8220;off&#8220; parallax_method=&#8220;off&#8220; make_equal=&#8220;off&#8220; parallax_1=&#8220;off&#8220; parallax_method_1=&#8220;off&#8220; padding_bottom_1=&#8220;0px&#8220; column_padding_mobile=&#8220;on&#8220;][et_pb_column type=&#8220;4_4&#8243;][et_pb_post_title admin_label=&#8220;Post Title&#8220; title=&#8220;on&#8220; meta=&#8220;off&#8220; author=&#8220;on&#8220; date=&#8220;on&#8220; categories=&#8220;on&#8220; comments=&#8220;on&#8220; featured_image=&#8220;off&#8220; featured_placement=&#8220;below&#8220; parallax_effect=&#8220;on&#8220; parallax_method=&#8220;on&#8220; text_orientation=&#8220;center&#8220; text_color=&#8220;dark&#8220; text_background=&#8220;off&#8220; text_bg_color=&#8220;rgba(255,255,255,0.9)&#8220; module_bg_color=&#8220;rgba(255,255,255,0)&#8220; title_all_caps=&#8220;off&#8220; use_border_color=&#8220;off&#8220; border_color=&#8220;#ffffff&#8220; border_style=&#8220;solid&#8220; custom_margin=&#8220;||0px|&#8220; custom_padding=&#8220;||0px|&#8220;] [\/et_pb_post_title][et_pb_divider admin_label=&#8220;Divider&#8220; color=&#8220;#e02b20&#8243; show_divider=&#8220;on&#8220; divider_style=&#8220;solid&#8220; divider_position=&#8220;top&#8220; hide_on_mobile=&#8220;on&#8220;] [\/et_pb_divider][\/et_pb_column][\/et_pb_row][\/et_pb_section][et_pb_section admin_label=&#8220;Section&#8220; fullwidth=&#8220;on&#8220; specialty=&#8220;off&#8220;][et_pb_fullwidth_slider admin_label=&#8220;Fullwidth Slider&#8220; show_arrows=&#8220;on&#8220; show_pagination=&#8220;on&#8220; auto=&#8220;off&#8220; auto_ignore_hover=&#8220;off&#8220; parallax=&#8220;off&#8220; parallax_method=&#8220;off&#8220; remove_inner_shadow=&#8220;off&#8220; background_position=&#8220;default&#8220; background_size=&#8220;default&#8220; hide_content_on_mobile=&#8220;off&#8220; hide_cta_on_mobile=&#8220;off&#8220; show_image_video_mobile=&#8220;off&#8220; custom_button=&#8220;off&#8220; button_letter_spacing=&#8220;0&#8243; button_use_icon=&#8220;default&#8220; button_icon_placement=&#8220;right&#8220; button_on_hover=&#8220;on&#8220; button_letter_spacing_hover=&#8220;0&#8243; header_text_color=&#8220;#000000&#8243; body_text_color=&#8220;#000000&#8243; header_font_size=&#8220;22&#8243;] [et_pb_slide background_position=&#8220;default&#8220; background_size=&#8220;default&#8220; background_color=&#8220;#ffffff&#8220; image=&#8220;http:\/\/judaica-unsleben.de\/wp-content\/uploads\/2016\/05\/Unsleben.jpg&#8220; use_bg_overlay=&#8220;off&#8220; use_text_overlay=&#8220;off&#8220; alignment=&#8220;center&#8220; background_layout=&#8220;dark&#8220; allow_player_pause=&#8220;off&#8220; text_border_radius=&#8220;3&#8243; header_font_select=&#8220;default&#8220; header_font=&#8220;||||&#8220; body_font_select=&#8220;default&#8220; body_font=&#8220;||||&#8220; custom_button=&#8220;off&#8220; button_font_select=&#8220;default&#8220; button_font=&#8220;||||&#8220; button_use_icon=&#8220;default&#8220; button_icon_placement=&#8220;right&#8220; button_on_hover=&#8220;on&#8220; heading=&#8220;Circa 1930&#8243;]<\/p>\n<p>Hinten von links:\u00a0Ilse Mittel (Ashe), Max Naumann, Hilde Mittel Naumann, Thekla\u00a0Naumann, Nathan Naumann, Theo Mittel, Fanni Naumann Mittel, Heinrich Gutman<br \/>\nVorne: Alfred Mittel, Paul Mittel, Arthur Mittel, Lotte Naumann (Hess), Otto\u00a0Naumann<\/p>\n<p>[\/et_pb_slide][et_pb_slide background_position=&#8220;default&#8220; background_size=&#8220;default&#8220; background_color=&#8220;#ffffff&#8220; image=&#8220;http:\/\/judaica-unsleben.de\/wp-content\/uploads\/2016\/05\/1938.jpg&#8220; use_bg_overlay=&#8220;off&#8220; use_text_overlay=&#8220;off&#8220; alignment=&#8220;center&#8220; background_layout=&#8220;dark&#8220; allow_player_pause=&#8220;off&#8220; text_border_radius=&#8220;3&#8243; header_font_select=&#8220;default&#8220; header_font=&#8220;||||&#8220; body_font_select=&#8220;default&#8220; body_font=&#8220;||||&#8220; custom_button=&#8220;off&#8220; button_font_select=&#8220;default&#8220; button_font=&#8220;||||&#8220; button_use_icon=&#8220;default&#8220; button_icon_placement=&#8220;right&#8220; button_on_hover=&#8220;on&#8220; heading=&#8220;Circa 1938&#8243;]<\/p>\n<p>Fred Sichel, Fred Naumann, Trude Naumann, Lotte Naumann.<\/p>\n<p>[\/et_pb_slide][et_pb_slide heading=&#8220;Bahnhof Fulda 1937&#8243; background_position=&#8220;default&#8220; background_size=&#8220;default&#8220; background_color=&#8220;#ffffff&#8220; image=&#8220;http:\/\/judaica-unsleben.de\/wp-content\/uploads\/2016\/05\/Fulda-train-station-1937.jpg&#8220; use_bg_overlay=&#8220;off&#8220; use_text_overlay=&#8220;off&#8220; alignment=&#8220;center&#8220; background_layout=&#8220;dark&#8220; allow_player_pause=&#8220;off&#8220; text_border_radius=&#8220;3&#8243; header_font_select=&#8220;default&#8220; header_font=&#8220;||||&#8220; body_font_select=&#8220;default&#8220; body_font=&#8220;||||&#8220; custom_button=&#8220;off&#8220; button_font_select=&#8220;default&#8220; button_font=&#8220;||||&#8220; button_use_icon=&#8220;default&#8220; button_icon_placement=&#8220;right&#8220; button_on_hover=&#8220;on&#8220;]<\/p>\n<p>Bahnhof Fulda\u00a0-Oct 18, 1937.<br \/>\nAlfred Mittel, Nelli &amp;amp; Otto Liebenthal, Meta (Margie) Mittel (Alfred\u2019s sister, sp\u00e4ter verheiratete Frank, sie lebten auf einer Farm im oberen NY), Ein Jude, der f\u00fcr die Liebenthals arbeitete und wahrscheinlich an diesem Tag der Fahrer wary, Hilda &amp;amp; Ludwig Naumann.<br \/>\nDas ist wahrscheinlich der Tag, an dem Alfred und Meta nach USA abreisten.<\/p>\n<p>[\/et_pb_slide][et_pb_slide heading=&#8220;Hilde Mittel Naumann&#8220; background_position=&#8220;default&#8220; background_size=&#8220;default&#8220; background_color=&#8220;#ffffff&#8220; image=&#8220;http:\/\/judaica-unsleben.de\/wp-content\/uploads\/2016\/05\/01-1BBB.jpg&#8220; use_bg_overlay=&#8220;off&#8220; use_text_overlay=&#8220;off&#8220; alignment=&#8220;center&#8220; background_layout=&#8220;dark&#8220; allow_player_pause=&#8220;off&#8220; text_border_radius=&#8220;3&#8243; header_font_select=&#8220;default&#8220; header_font=&#8220;||||&#8220; body_font_select=&#8220;default&#8220; body_font=&#8220;||||&#8220; custom_button=&#8220;off&#8220; button_font_select=&#8220;default&#8220; button_font=&#8220;||||&#8220; button_use_icon=&#8220;default&#8220; button_icon_placement=&#8220;right&#8220; button_on_hover=&#8220;on&#8220;]<\/p>\n<p>Das Haus Enggasse 87. Hilde Mittel-Naumann sitzend. Ludwig Naumann wird im Spiegel reflektiert.<\/p>\n<p>[\/et_pb_slide][et_pb_slide heading=&#8220;Naumann&#8220; background_position=&#8220;default&#8220; background_size=&#8220;default&#8220; background_color=&#8220;#ffffff&#8220; image=&#8220;http:\/\/judaica-unsleben.de\/wp-content\/uploads\/2016\/05\/Hilde-and-Ludwig-Naumann.jpg&#8220; use_bg_overlay=&#8220;off&#8220; use_text_overlay=&#8220;off&#8220; alignment=&#8220;center&#8220; background_layout=&#8220;dark&#8220; allow_player_pause=&#8220;off&#8220; text_border_radius=&#8220;3&#8243; header_font_select=&#8220;default&#8220; header_font=&#8220;||||&#8220; body_font_select=&#8220;default&#8220; body_font=&#8220;||||&#8220; custom_button=&#8220;off&#8220; button_font_select=&#8220;default&#8220; button_font=&#8220;||||&#8220; button_use_icon=&#8220;default&#8220; button_icon_placement=&#8220;right&#8220; button_on_hover=&#8220;on&#8220;]<\/p>\n<p>Hilde and Ludwig Naumann<\/p>\n<p>[\/et_pb_slide][et_pb_slide heading=&#8220;L. Naumann Famlie&#8220; background_position=&#8220;default&#8220; background_size=&#8220;default&#8220; background_color=&#8220;#ffffff&#8220; image=&#8220;http:\/\/judaica-unsleben.de\/wp-content\/uploads\/2016\/05\/L.-Naumann-family.jpg&#8220; use_bg_overlay=&#8220;off&#8220; use_text_overlay=&#8220;off&#8220; alignment=&#8220;center&#8220; background_layout=&#8220;dark&#8220; allow_player_pause=&#8220;off&#8220; text_border_radius=&#8220;3&#8243; header_font_select=&#8220;default&#8220; header_font=&#8220;||||&#8220; body_font_select=&#8220;default&#8220; body_font=&#8220;||||&#8220; custom_button=&#8220;off&#8220; button_font_select=&#8220;default&#8220; button_font=&#8220;||||&#8220; button_use_icon=&#8220;default&#8220; button_icon_placement=&#8220;right&#8220; button_on_hover=&#8220;on&#8220;]<\/p>\n<p>Familie Ludwig. Naumann -circa 1936-7:<\/p>\n<ul>\n<li>Kinder: Ruth, Trude, Fred, Lotte Naumann (Trude ist die Cousine zu den anderen drei)<\/li>\n<li>Erwachsene: ?, Hilde &amp;amp; Ludwig Naumann<\/li>\n<li>Ort unbekannt<\/li>\n<\/ul>\n<p>[\/et_pb_slide][et_pb_slide heading=&#8220;Mittel Geschwister&#8220; background_position=&#8220;default&#8220; background_size=&#8220;default&#8220; background_color=&#8220;#ffffff&#8220; image=&#8220;http:\/\/judaica-unsleben.de\/wp-content\/uploads\/2016\/05\/Arthur-Hilda-Grete-Mittel-circa-1903-1200-dpiBBB-.jpg&#8220; use_bg_overlay=&#8220;off&#8220; use_text_overlay=&#8220;off&#8220; alignment=&#8220;center&#8220; background_layout=&#8220;dark&#8220; allow_player_pause=&#8220;off&#8220; text_border_radius=&#8220;3&#8243; header_font_select=&#8220;default&#8220; header_font=&#8220;||||&#8220; body_font_select=&#8220;default&#8220; body_font=&#8220;||||&#8220; custom_button=&#8220;off&#8220; button_font_select=&#8220;default&#8220; button_font=&#8220;||||&#8220; button_use_icon=&#8220;default&#8220; button_icon_placement=&#8220;right&#8220; button_on_hover=&#8220;on&#8220;]<\/p>\n<p>Mittel Kinder-circa 1902: \u00a0Arthur (1899-1960), Hilde (1897-1991) and Gretel Mittel\u00a0(1898-1927)<\/p>\n<ul>\n<li>die j\u00fcngste, Nelli (1900-1996), nicht auf dem\u00a0Photo<\/li>\n<li>Gretel heiratete Otto Liebenthal und starb Jan 2, 1927, 6 Tage nach der Entbindung.\u00a0 Sie ist im Unslebener Friedhof beerdigt.\u00a0 Ihre Tochter hie\u00df Greta (Gretel?)\u00a0Liebenthal-Oestreicher.\u00a0 Sp\u00e4ter im gleichen Jahr heiratete Otto die Schwester(seine Schw\u00e4gerin) Nelli (es hie\u00df immer auf Druck der Familie, um Greta aufzuziehen).\u00a0 In 1930\u00a0 wurde ihr Kind Alice\u00a0Liebenthal- Schoen geboren.\u00a0 Sie wanderten nach Cuba aus, bevor sie in die USA kommen konnten.<\/li>\n<li>Arthur heiratete seine Cousine Edith Mittel<\/li>\n<li>Hilde heiratete \u00a0Ludwig Naumann<\/li>\n<\/ul>\n<p>[\/et_pb_slide][et_pb_slide heading=&#8220;Naumann &#8211; Liebenthal&#8220; background_position=&#8220;default&#8220; background_size=&#8220;default&#8220; background_color=&#8220;#ffffff&#8220; image=&#8220;http:\/\/judaica-unsleben.de\/wp-content\/uploads\/2016\/05\/Hilde-Ludwig-Naumann-and-Gretel-Mittel-Liebenthal-Hildes-sister.jpg&#8220; use_bg_overlay=&#8220;off&#8220; use_text_overlay=&#8220;off&#8220; alignment=&#8220;center&#8220; background_layout=&#8220;dark&#8220; allow_player_pause=&#8220;off&#8220; text_border_radius=&#8220;3&#8243; header_font_select=&#8220;default&#8220; header_font=&#8220;||||&#8220; body_font_select=&#8220;default&#8220; body_font=&#8220;||||&#8220; custom_button=&#8220;off&#8220; button_font_select=&#8220;default&#8220; button_font=&#8220;||||&#8220; button_use_icon=&#8220;default&#8220; button_icon_placement=&#8220;right&#8220; button_on_hover=&#8220;on&#8220;]<\/p>\n<p>Hilde &amp; Ludwig Naumann and Gretel Mittel Liebenthal (Hilde&#8217;s Schwester)<\/p>\n<p>[\/et_pb_slide][et_pb_slide heading=&#8220;ONEG SHABBAT &#8211; 1938&#8243; background_position=&#8220;default&#8220; background_size=&#8220;default&#8220; background_color=&#8220;#ffffff&#8220; image=&#8220;http:\/\/judaica-unsleben.de\/wp-content\/uploads\/2016\/05\/Oneg-Shabbat-1938-.jpg&#8220; use_bg_overlay=&#8220;off&#8220; use_text_overlay=&#8220;off&#8220; alignment=&#8220;center&#8220; background_layout=&#8220;dark&#8220; allow_player_pause=&#8220;off&#8220; text_border_radius=&#8220;3&#8243; header_font_select=&#8220;default&#8220; header_font=&#8220;||||&#8220; body_font_select=&#8220;default&#8220; body_font=&#8220;||||&#8220; custom_button=&#8220;off&#8220; button_font_select=&#8220;default&#8220; button_font=&#8220;||||&#8220; button_use_icon=&#8220;default&#8220; button_icon_placement=&#8220;right&#8220; button_on_hover=&#8220;on&#8220;]<\/p>\n<p><strong>Sitzend<\/strong>: Erich Liebenthal (Julius\u2019 Sohn), Klaera Brandus, ?, Grete Liebenthal, Lotte Naumann, Kurt\u00a0Moritz, Adolf Moritz<\/p>\n<p><strong>Stehend<\/strong>: J\u00fcdisches M\u00e4dchen arbeitet f\u00fcr Lina Liebenthal, Lotte Vorchheimer arbeitete f\u00fcr Jeannette\u00a0Naumann (kam sp\u00e4ter nach\u00a0 USA), Lore Mittel (Cousine von Hilde Naumann), Klaere Kuhl (ermordet), Ilse\u00a0Mittel, Leo Kuhl (ermordet)<\/p>\n<p><strong>Hinten:<\/strong> ?, Paul Mittel, G\u00fcnther Mittel<\/p>\n<p>Moritz\u2019s gingen nach Chile mit den Eltern und\u00a0seiner Schwester<br \/>\nBrandus\u2019 gingen nach\u00a0 Uruguay<\/p>\n<p>[\/et_pb_slide][et_pb_slide heading=&#8220;Geschwister Naumann&#8220; background_position=&#8220;default&#8220; background_size=&#8220;default&#8220; background_color=&#8220;#ffffff&#8220; image=&#8220;http:\/\/judaica-unsleben.de\/wp-content\/uploads\/2016\/05\/Ludwig-Fanny-Nathan-Max-Otto-NaumannBBB.jpg&#8220; use_bg_overlay=&#8220;off&#8220; use_text_overlay=&#8220;off&#8220; alignment=&#8220;center&#8220; background_layout=&#8220;dark&#8220; allow_player_pause=&#8220;off&#8220; text_border_radius=&#8220;3&#8243; header_font_select=&#8220;default&#8220; header_font=&#8220;||||&#8220; body_font_select=&#8220;default&#8220; body_font=&#8220;||||&#8220; custom_button=&#8220;off&#8220; button_font_select=&#8220;default&#8220; button_font=&#8220;||||&#8220; button_use_icon=&#8220;default&#8220; button_icon_placement=&#8220;right&#8220; button_on_hover=&#8220;on&#8220;]<\/p>\n<p>Nauman Geschwister-circa 1905:<\/p>\n<ul>\n<li>Ludwig (1895-1973), Fanni (1892-1971), Nathan (1899-1986), Max (1893-1989),\u00a0Otto (1901-1974)<\/li>\n<li>Alle au\u00dfer Otto wanderten in die Queens\u00a0 NY aus.\u00a0 Otto ging nach S\u00fcdafrika, wo er Erna1944 heiratete.\u00a0 Er und Erna hatten zwei T\u00f6chter und einen Sohn.\u00a0 Erna verzog ins gelobte Land in den sp\u00e4ten Siebzigern. Ihr Sohn Steven lebte f\u00fcr einige Jahre in Kanada\u00a0 und dann zogen er mit der Familie ins gelobte Land. Die j\u00fcngere Tochter, Denise Treisman, zog ins gelobte Land mit ihrer Familie von S\u00fcdafrika aus. Mavis Rosenstein(die andere Tochter)\u00a0und ihr Mann Neil lebten eine Zeitlang\u00a0 in\u00a0Israel\u00a0in den sp\u00e4ten Sechzigern.\u00a0 Ihr \u00e4ltester Sohn ist\u00a0 El Arish\u00a0 geboren.<br \/>\nSie sind in die Vereinigten Staaten ausgewandert und lebten in New Jersey.\u00a0 Inzwischen sind sie nach Israel zur\u00fcckgekehrt, wo 4 ihrer 5 S\u00f6hne, die Enkel und Gro\u00dfenkel leben..<\/li>\n<\/ul>\n<p>[\/et_pb_slide][et_pb_slide heading=&#8220;Strengelsberg&#8220; background_position=&#8220;default&#8220; background_size=&#8220;default&#8220; background_color=&#8220;#ffffff&#8220; image=&#8220;http:\/\/judaica-unsleben.de\/wp-content\/uploads\/2016\/05\/Strengolsburg-.jpg&#8220; use_bg_overlay=&#8220;off&#8220; use_text_overlay=&#8220;off&#8220; alignment=&#8220;center&#8220; background_layout=&#8220;dark&#8220; allow_player_pause=&#8220;off&#8220; text_border_radius=&#8220;3&#8243; header_font_select=&#8220;default&#8220; header_font=&#8220;||||&#8220; body_font_select=&#8220;default&#8220; body_font=&#8220;||||&#8220; custom_button=&#8220;off&#8220; button_font_select=&#8220;default&#8220; button_font=&#8220;||||&#8220; button_use_icon=&#8220;default&#8220; button_icon_placement=&#8220;right&#8220; button_on_hover=&#8220;on&#8220;]<\/p>\n<p>Hilde Naumann, Ruth Naumann, Lotte Naumann, Max Naumann (mit Schnurbart),\u00a0Theo Mittel, Trude Naumann, Salli Mittel, Thekla Naumann, Ruth Mittel, Josef Mittel, Nathan\u00a0Naumann.<\/p>\n<p>[\/et_pb_slide] [\/et_pb_fullwidth_slider][\/et_pb_section]<\/p>\n","protected":false},"excerpt":{"rendered":"<p>Hinten von links:\u00a0Ilse Mittel (Ashe), Max Naumann, Hilde Mittel Naumann, Thekla\u00a0Naumann, Nathan Naumann, Theo Mittel, Fanni Naumann Mittel, Heinrich Gutman Vorne: Alfred Mittel, Paul Mittel, Arthur Mittel, Lotte Naumann (Hess), Otto\u00a0Naumann Fred Sichel, Fred Naumann, Trude Naumann, Lotte Naumann. Bahnhof Fulda\u00a0-Oct 18, 1937. Alfred Mittel, Nelli &amp;amp; Otto Liebenthal, Meta (Margie) Mittel (Alfred\u2019s sister, sp\u00e4ter [&hellip;]<\/p>\n","protected":false},"author":6,"featured_media":0,"parent":4796,"menu_order":10,"comment_status":"closed","ping_status":"closed","template":"","meta":{"_et_pb_use_builder":"on","_et_pb_old_content":"","_et_gb_content_width":"","footnotes":""},"class_list":["post-5555","page","type-page","status-publish","hentry"],"_links":{"self":[{"href":"https:\/\/judaica-unsleben.de\/de\/wp-json\/wp\/v2\/pages\/5555","targetHints":{"allow":["GET"]}}],"collection":[{"href":"https:\/\/judaica-unsleben.de\/de\/wp-json\/wp\/v2\/pages"}],"about":[{"href":"https:\/\/judaica-unsleben.de\/de\/wp-json\/wp\/v2\/types\/page"}],"author":[{"embeddable":true,"href":"https:\/\/judaica-unsleben.de\/de\/wp-json\/wp\/v2\/users\/6"}],"replies":[{"embeddable":true,"href":"https:\/\/judaica-unsleben.de\/de\/wp-json\/wp\/v2\/comments?post=5555"}],"version-history":[{"count":18,"href":"https:\/\/judaica-unsleben.de\/de\/wp-json\/wp\/v2\/pages\/5555\/revisions"}],"predecessor-version":[{"id":7085,"href":"https:\/\/judaica-unsleben.de\/de\/wp-json\/wp\/v2\/pages\/5555\/revisions\/7085"}],"up":[{"embeddable":true,"href":"https:\/\/judaica-unsleben.de\/de\/wp-json\/wp\/v2\/pages\/4796"}],"wp:attachment":[{"href":"https:\/\/judaica-unsleben.de\/de\/wp-json\/wp\/v2\/media?parent=5555"}],"curies":[{"name":"wp","href":"https:\/\/api.w.org\/{rel}","templated":true}]}}