{"id":5537,"date":"2016-05-17T07:57:32","date_gmt":"2016-05-17T05:57:32","guid":{"rendered":"http:\/\/judaica-unsleben.de\/de\/technologies__trashed\/rti\/"},"modified":"2017-03-26T14:00:48","modified_gmt":"2017-03-26T12:00:48","slug":"rti","status":"publish","type":"page","link":"https:\/\/judaica-unsleben.de\/de\/technologies\/rti\/","title":{"rendered":"RTI"},"content":{"rendered":"<p>[et_pb_section admin_label=&#8220;Header&#8220; fullwidth=&#8220;on&#8220; specialty=&#8220;off&#8220; background_image=&#8220;http:\/\/judaica-unsleben.de\/wp-content\/uploads\/2015\/12\/eyalta_photo-3199801.jpg&#8220; transparent_background=&#8220;off&#8220; allow_player_pause=&#8220;off&#8220; inner_shadow=&#8220;off&#8220; parallax=&#8220;off&#8220; parallax_method=&#8220;on&#8220; padding_mobile=&#8220;off&#8220; make_fullwidth=&#8220;off&#8220; use_custom_width=&#8220;off&#8220; width_unit=&#8220;on&#8220; make_equal=&#8220;off&#8220; use_custom_gutter=&#8220;off&#8220; custom_padding=&#8220;0px|0px|0px|0px&#8220; background_color=&#8220;#ffffff&#8220;][et_pb_fullwidth_header admin_label=&#8220;Fullwidth Header&#8220; background_layout=&#8220;dark&#8220; text_orientation=&#8220;left&#8220; header_fullscreen=&#8220;off&#8220; header_scroll_down=&#8220;off&#8220; parallax=&#8220;off&#8220; parallax_method=&#8220;off&#8220; content_orientation=&#8220;center&#8220; image_orientation=&#8220;center&#8220; title_font_size=&#8220;48&#8243; custom_button_one=&#8220;off&#8220; button_one_letter_spacing=&#8220;0&#8243; button_one_use_icon=&#8220;default&#8220; button_one_icon_placement=&#8220;right&#8220; button_one_on_hover=&#8220;on&#8220; button_one_letter_spacing_hover=&#8220;0&#8243; custom_button_two=&#8220;off&#8220; button_two_letter_spacing=&#8220;0&#8243; button_two_use_icon=&#8220;default&#8220; button_two_icon_placement=&#8220;right&#8220; button_two_on_hover=&#8220;on&#8220; button_two_letter_spacing_hover=&#8220;0&#8243; title=&#8220;Unfolding Communities&#8220; subhead=&#8220;The Lost Jews of Unsleben&#8220; subhead_font_size=&#8220;28px&#8220; background_color=&#8220;rgba(0,0,0,0.36)&#8220; title_font_color=&#8220;#ffffff&#8220;] [\/et_pb_fullwidth_header][et_pb_fullwidth_menu admin_label=&#8220;Fullwidth Menu&#8220; menu_id=&#8220;2&#8243; background_color=&#8220;rgba(28,28,28,0.64)&#8220; background_layout=&#8220;dark&#8220; text_orientation=&#8220;center&#8220; submenu_direction=&#8220;downwards&#8220; fullwidth_menu=&#8220;off&#8220; dropdown_menu_animation=&#8220;fade&#8220; menu_font_size=&#8220;22px&#8220; active_link_color=&#8220;#af1a24&#8243; custom_css_main_element=&#8220; border-style: solid;|| border-bottom: solid #952727;|| border-bottom-width: 6px;||&#8220; custom_css_active_menu_link=&#8220;color: #f0cd7a !important;||&#8220; custom_css_dropdown_container=&#8220;width:350px;&#8220; custom_css_dropdown_links=&#8220;width:350px;&#8220;] [\/et_pb_fullwidth_menu][\/et_pb_section][et_pb_section admin_label=&#8220;Section&#8220; fullwidth=&#8220;off&#8220; specialty=&#8220;off&#8220; transparent_background=&#8220;off&#8220; background_color=&#8220;#ffffff&#8220; allow_player_pause=&#8220;off&#8220; inner_shadow=&#8220;off&#8220; parallax=&#8220;off&#8220; parallax_method=&#8220;off&#8220; custom_padding=&#8220;0px|0px|0px|0px&#8220; padding_mobile=&#8220;off&#8220; make_fullwidth=&#8220;off&#8220; use_custom_width=&#8220;off&#8220; width_unit=&#8220;on&#8220; make_equal=&#8220;off&#8220; use_custom_gutter=&#8220;off&#8220;][et_pb_row admin_label=&#8220;Row&#8220; make_fullwidth=&#8220;off&#8220; use_custom_width=&#8220;off&#8220; width_unit=&#8220;on&#8220; use_custom_gutter=&#8220;off&#8220; custom_padding=&#8220;||2px|&#8220; padding_mobile=&#8220;off&#8220; allow_player_pause=&#8220;off&#8220; parallax=&#8220;off&#8220; parallax_method=&#8220;off&#8220; make_equal=&#8220;off&#8220; parallax_1=&#8220;off&#8220; parallax_method_1=&#8220;off&#8220; padding_bottom_1=&#8220;0px&#8220; column_padding_mobile=&#8220;on&#8220;][et_pb_column type=&#8220;4_4&#8243;][et_pb_post_title admin_label=&#8220;Post Title&#8220; title=&#8220;on&#8220; meta=&#8220;off&#8220; author=&#8220;on&#8220; date=&#8220;on&#8220; categories=&#8220;on&#8220; comments=&#8220;on&#8220; featured_image=&#8220;off&#8220; featured_placement=&#8220;below&#8220; parallax_effect=&#8220;on&#8220; parallax_method=&#8220;on&#8220; text_orientation=&#8220;center&#8220; text_color=&#8220;dark&#8220; text_background=&#8220;off&#8220; text_bg_color=&#8220;rgba(255,255,255,0.9)&#8220; module_bg_color=&#8220;rgba(255,255,255,0)&#8220; title_all_caps=&#8220;off&#8220; use_border_color=&#8220;off&#8220; border_color=&#8220;#ffffff&#8220; border_style=&#8220;solid&#8220; custom_margin=&#8220;||0px|&#8220; custom_padding=&#8220;||0px|&#8220;] [\/et_pb_post_title][et_pb_divider admin_label=&#8220;Divider&#8220; color=&#8220;#e02b20&#8243; show_divider=&#8220;on&#8220; divider_style=&#8220;solid&#8220; divider_position=&#8220;top&#8220; hide_on_mobile=&#8220;on&#8220;] [\/et_pb_divider][\/et_pb_column][\/et_pb_row][\/et_pb_section][et_pb_section admin_label=&#8220;Section&#8220; fullwidth=&#8220;off&#8220; specialty=&#8220;off&#8220;][et_pb_row admin_label=&#8220;Row&#8220;][et_pb_column type=&#8220;4_4&#8243;][et_pb_text admin_label=&#8220;Text&#8220; background_layout=&#8220;light&#8220; text_orientation=&#8220;left&#8220; use_border_color=&#8220;off&#8220; border_color=&#8220;#ffffff&#8220; border_style=&#8220;solid&#8220;] <b>\u00a0 \u00a0 \u00a0<\/b> RTI &#8211; Reflexionstransformationsbildaufbereitung \u201cUrspr\u00fcnglich genannt Polynomial Texture Mapping (PTM), Reflexionstransformationsbildaufbereitung wurde von Tom Malzbender an den Laboratorien von Hewlett Packard erfunden. Der wissenschaftliche Beitrag, der die Methode beschreibt, wurde 2001 ver\u00f6ffentlicht. RTI ist eine einzigartige fotografische Digitaltechnik, sie zielt darauf, die Oberfl\u00e4chendetails von Gegenst\u00e4nden durch eine algorithmische \u00dcbertragung\u00a0 vieler Digitalbildern des Gegenstands die Erkennbarkeit zu erh\u00f6hen. Die Lichtquellen werden an einem unver\u00e4nderlichen Radius vom\u00a0Objekt aufgestellt und umgeben es in zus\u00e4tzlichen Winkeln einer Kuppel oder Halbkugel.. Die Fotographien,\u00a0von \u00fcberall\u00a0zwischen 40 &#8211; 70, werden dann in die Software eingegebn, die die leichten Positionen (.LP Datei) berechnet und die Basis f\u00fcr die Schaffung der PTM-Enddatei bildet, \u00a0im Wesentlichen eine virtuelle dreidimensionale Digitalbildlichtquelle, die interaktiv kontrolliert wird. Das Endbild sieht am Anfang wie eine flache, normale Fotographie aus. Die Magie f\u00e4ngt jedoch damit an, dass der\u00a0Benutzers die Maus\u00a0 bewegt und damit\u00a0 interaktiv die virtuelle Lichtquelle um das Bild f\u00fchrt und so\u00a0\u00a0 die\u00a0Bildsch\u00e4rfe, Kontrast- und Oberfl\u00e4cheneigenschaften durch eine Reihe von Echtzeitfiltern ver\u00e4ndern kann. \u2026\u2026\u2026\u2026\u2026\u2026\u2026\u2026\u2026\u2026\u2026\u2026\u2026\u2026. Die RTI-Images hier wurden vom Digitalen Bildaufbereitungsfachmann Chelsea Graham vom Institut f\u00fcr die Bewahrung des Kulturellen Erbes, des Digitization Laboratoriums, der Yale Universit\u00e4t unter dem Direktorat von Professor Stefan Simon erzeugt. http:\/\/ipch.yale.edu\/about-ipch [\/et_pb_text][\/et_pb_column][\/et_pb_row][et_pb_row admin_label=&#8220;Row&#8220;][et_pb_column type=&#8220;1_4&#8243;][et_pb_text admin_label=&#8220;Text&#8220; background_layout=&#8220;light&#8220; text_orientation=&#8220;left&#8220; use_border_color=&#8220;off&#8220; border_color=&#8220;#ffffff&#8220; border_style=&#8220;solid&#8220; custom_margin=&#8220;0px|0px|0px|0px&#8220; custom_padding=&#8220;0px|0px|0px|0px&#8220; custom_css_before=&#8220;width: 200% ;&#8220;]<\/p>\n<p style=\"text-align: center;\"><a href=\"http:\/\/judaica-unsleben.de\/wp-content\/uploads\/2016\/05\/2902_c_0000_Layer-2.jpg\">[twentytwenty]<\/a><\/p>\n<p style=\"text-align: center;\"><a href=\"http:\/\/judaica-unsleben.de\/wp-content\/uploads\/2016\/05\/2902_c_0000_Layer-2.jpg\"><img loading=\"lazy\" decoding=\"async\" class=\"alignnone size-full wp-image-4682\" src=\"http:\/\/judaica-unsleben.de\/wp-content\/uploads\/2016\/05\/2902_c_0000_Layer-2.jpg\" alt=\"2902_c_0000_Layer 2\" width=\"415\" height=\"800\" srcset=\"https:\/\/judaica-unsleben.de\/wp-content\/uploads\/2016\/05\/2902_c_0000_Layer-2.jpg 415w, https:\/\/judaica-unsleben.de\/wp-content\/uploads\/2016\/05\/2902_c_0000_Layer-2-156x300.jpg 156w\" sizes=\"auto, (max-width: 415px) 100vw, 415px\" \/><\/a><a href=\"http:\/\/judaica-unsleben.de\/wp-content\/uploads\/2016\/05\/2902_c_0002_Background.jpg\"><img loading=\"lazy\" decoding=\"async\" class=\"alignnone size-full wp-image-4683\" src=\"http:\/\/judaica-unsleben.de\/wp-content\/uploads\/2016\/05\/2902_c_0002_Background.jpg\" alt=\"2902_c_0002_Background\" width=\"415\" height=\"800\" srcset=\"https:\/\/judaica-unsleben.de\/wp-content\/uploads\/2016\/05\/2902_c_0002_Background.jpg 415w, https:\/\/judaica-unsleben.de\/wp-content\/uploads\/2016\/05\/2902_c_0002_Background-156x300.jpg 156w\" sizes=\"auto, (max-width: 415px) 100vw, 415px\" \/><\/a><\/p>\n<p style=\"text-align: center;\">\u00a0<a href=\"http:\/\/judaica-unsleben.de\/wp-content\/uploads\/2016\/05\/2902_c_0002_Background.jpg\">[\/twentytwenty]<\/a><\/p>\n<p>[\/et_pb_text][\/et_pb_column][et_pb_column type=&#8220;1_4&#8243;][et_pb_text admin_label=&#8220;Text&#8220; background_layout=&#8220;light&#8220; text_orientation=&#8220;left&#8220; use_border_color=&#8220;off&#8220; border_color=&#8220;#ffffff&#8220; border_style=&#8220;solid&#8220; custom_margin=&#8220;0px|0px|0px|0px&#8220; custom_padding=&#8220;0px|0px|0px|0px&#8220;]<\/p>\n<p><a href=\"http:\/\/judaica-unsleben.de\/wp-content\/uploads\/2016\/05\/10UnslebenRTI_2959_c_0001_Layer-1.jpg\">[twentytwenty]<\/a><\/p>\n<p><a href=\"http:\/\/judaica-unsleben.de\/wp-content\/uploads\/2016\/05\/1496__Layer-1.jpg\"><img loading=\"lazy\" decoding=\"async\" class=\"alignnone size-full wp-image-4672\" src=\"http:\/\/judaica-unsleben.de\/wp-content\/uploads\/2016\/05\/1496__Layer-1.jpg\" alt=\"1496__Layer 1\" width=\"445\" height=\"800\" srcset=\"https:\/\/judaica-unsleben.de\/wp-content\/uploads\/2016\/05\/1496__Layer-1.jpg 445w, https:\/\/judaica-unsleben.de\/wp-content\/uploads\/2016\/05\/1496__Layer-1-167x300.jpg 167w\" sizes=\"auto, (max-width: 445px) 100vw, 445px\" \/><\/a><a href=\"http:\/\/judaica-unsleben.de\/wp-content\/uploads\/2016\/05\/1496__Layer-3.jpg\"><img loading=\"lazy\" decoding=\"async\" class=\"alignnone size-full wp-image-4673\" src=\"http:\/\/judaica-unsleben.de\/wp-content\/uploads\/2016\/05\/1496__Layer-3.jpg\" alt=\"1496__Layer 3\" width=\"445\" height=\"800\" srcset=\"https:\/\/judaica-unsleben.de\/wp-content\/uploads\/2016\/05\/1496__Layer-3.jpg 445w, https:\/\/judaica-unsleben.de\/wp-content\/uploads\/2016\/05\/1496__Layer-3-167x300.jpg 167w\" sizes=\"auto, (max-width: 445px) 100vw, 445px\" \/><\/a><\/p>\n<p><a href=\"http:\/\/judaica-unsleben.de\/wp-content\/uploads\/2016\/05\/10UnslebenRTI_2959_c_0002_Background.jpg\"><strong>[\/twentytwenty]<\/strong><\/a><\/p>\n<p>[\/et_pb_text][\/et_pb_column][et_pb_column type=&#8220;1_4&#8243;][et_pb_text admin_label=&#8220;Text&#8220; background_layout=&#8220;light&#8220; text_orientation=&#8220;left&#8220; use_border_color=&#8220;off&#8220; border_color=&#8220;#ffffff&#8220; border_style=&#8220;solid&#8220;]<\/p>\n<p><a href=\"http:\/\/judaica-unsleben.de\/wp-content\/uploads\/2016\/05\/9UnslebenRTI_cropped_2496_c_0000_Layer-2.jpg\">[twentytwenty]<\/a><\/p>\n<p><a href=\"http:\/\/judaica-unsleben.de\/wp-content\/uploads\/2016\/05\/2265_c_0000_Layer-2.jpg\"><img loading=\"lazy\" decoding=\"async\" class=\"alignnone size-full wp-image-4678\" src=\"http:\/\/judaica-unsleben.de\/wp-content\/uploads\/2016\/05\/2265_c_0000_Layer-2.jpg\" alt=\"2265_c_0000_Layer 2\" width=\"334\" height=\"800\" srcset=\"https:\/\/judaica-unsleben.de\/wp-content\/uploads\/2016\/05\/2265_c_0000_Layer-2.jpg 334w, https:\/\/judaica-unsleben.de\/wp-content\/uploads\/2016\/05\/2265_c_0000_Layer-2-125x300.jpg 125w\" sizes=\"auto, (max-width: 334px) 100vw, 334px\" \/><\/a> <a href=\"http:\/\/judaica-unsleben.de\/wp-content\/uploads\/2016\/05\/2265_c_0002_Background.jpg\"><img loading=\"lazy\" decoding=\"async\" class=\"alignnone size-full wp-image-4679\" src=\"http:\/\/judaica-unsleben.de\/wp-content\/uploads\/2016\/05\/2265_c_0002_Background.jpg\" alt=\"2265_c_0002_Background\" width=\"334\" height=\"800\" srcset=\"https:\/\/judaica-unsleben.de\/wp-content\/uploads\/2016\/05\/2265_c_0002_Background.jpg 334w, https:\/\/judaica-unsleben.de\/wp-content\/uploads\/2016\/05\/2265_c_0002_Background-125x300.jpg 125w\" sizes=\"auto, (max-width: 334px) 100vw, 334px\" \/><\/a><\/p>\n<p><a href=\"http:\/\/judaica-unsleben.de\/wp-content\/uploads\/2016\/05\/9UnslebenRTI_cropped_2496_c_0002_Layer-0.jpg\">[\/twentytwenty]<\/a><\/p>\n<p>[\/et_pb_text][\/et_pb_column][et_pb_column type=&#8220;1_4&#8243;][et_pb_text admin_label=&#8220;Text&#8220; background_layout=&#8220;light&#8220; text_orientation=&#8220;left&#8220; use_border_color=&#8220;off&#8220; border_color=&#8220;#ffffff&#8220; border_style=&#8220;solid&#8220;]<\/p>\n<p><a href=\"http:\/\/judaica-unsleben.de\/wp-content\/uploads\/2016\/05\/1877_c_0000_Layer-2.jpg\">[twentytwenty]<\/a><\/p>\n<p><a href=\"http:\/\/judaica-unsleben.de\/wp-content\/uploads\/2016\/05\/1877_c_0000_Layer-2.jpg\"><img loading=\"lazy\" decoding=\"async\" class=\"alignnone size-full wp-image-4674\" src=\"http:\/\/judaica-unsleben.de\/wp-content\/uploads\/2016\/05\/1877_c_0000_Layer-2.jpg\" alt=\"1877_c_0000_Layer 2\" width=\"292\" height=\"800\" srcset=\"https:\/\/judaica-unsleben.de\/wp-content\/uploads\/2016\/05\/1877_c_0000_Layer-2.jpg 292w, https:\/\/judaica-unsleben.de\/wp-content\/uploads\/2016\/05\/1877_c_0000_Layer-2-110x300.jpg 110w\" sizes=\"auto, (max-width: 292px) 100vw, 292px\" \/><\/a> <a href=\"http:\/\/judaica-unsleben.de\/wp-content\/uploads\/2016\/05\/1877_c_0002_Background.jpg\"><img loading=\"lazy\" decoding=\"async\" class=\"alignnone size-full wp-image-4675\" src=\"http:\/\/judaica-unsleben.de\/wp-content\/uploads\/2016\/05\/1877_c_0002_Background.jpg\" alt=\"1877_c_0002_Background\" width=\"292\" height=\"800\" srcset=\"https:\/\/judaica-unsleben.de\/wp-content\/uploads\/2016\/05\/1877_c_0002_Background.jpg 292w, https:\/\/judaica-unsleben.de\/wp-content\/uploads\/2016\/05\/1877_c_0002_Background-110x300.jpg 110w\" sizes=\"auto, (max-width: 292px) 100vw, 292px\" \/><\/a><\/p>\n<p>&nbsp;<\/p>\n<p><a href=\"http:\/\/judaica-unsleben.de\/wp-content\/uploads\/2016\/05\/1877_c_0002_Background.jpg\">[\/twentytwenty]<\/a><\/p>\n<p>[\/et_pb_text][\/et_pb_column][\/et_pb_row][\/et_pb_section]<\/p>\n","protected":false},"excerpt":{"rendered":"<p>\u00a0 \u00a0 \u00a0 RTI &#8211; Reflexionstransformationsbildaufbereitung \u201cUrspr\u00fcnglich genannt Polynomial Texture Mapping (PTM), Reflexionstransformationsbildaufbereitung wurde von Tom Malzbender an den Laboratorien von Hewlett Packard erfunden. Der wissenschaftliche Beitrag, der die Methode beschreibt, wurde 2001 ver\u00f6ffentlicht. RTI ist eine einzigartige fotografische Digitaltechnik, sie zielt darauf, die Oberfl\u00e4chendetails von Gegenst\u00e4nden durch eine algorithmische \u00dcbertragung\u00a0 vieler Digitalbildern des Gegenstands [&hellip;]<\/p>\n","protected":false},"author":2,"featured_media":0,"parent":5554,"menu_order":0,"comment_status":"closed","ping_status":"closed","template":"","meta":{"_et_pb_use_builder":"on","_et_pb_old_content":"","_et_gb_content_width":"","footnotes":""},"class_list":["post-5537","page","type-page","status-publish","hentry"],"_links":{"self":[{"href":"https:\/\/judaica-unsleben.de\/de\/wp-json\/wp\/v2\/pages\/5537","targetHints":{"allow":["GET"]}}],"collection":[{"href":"https:\/\/judaica-unsleben.de\/de\/wp-json\/wp\/v2\/pages"}],"about":[{"href":"https:\/\/judaica-unsleben.de\/de\/wp-json\/wp\/v2\/types\/page"}],"author":[{"embeddable":true,"href":"https:\/\/judaica-unsleben.de\/de\/wp-json\/wp\/v2\/users\/2"}],"replies":[{"embeddable":true,"href":"https:\/\/judaica-unsleben.de\/de\/wp-json\/wp\/v2\/comments?post=5537"}],"version-history":[{"count":3,"href":"https:\/\/judaica-unsleben.de\/de\/wp-json\/wp\/v2\/pages\/5537\/revisions"}],"predecessor-version":[{"id":7330,"href":"https:\/\/judaica-unsleben.de\/de\/wp-json\/wp\/v2\/pages\/5537\/revisions\/7330"}],"up":[{"embeddable":true,"href":"https:\/\/judaica-unsleben.de\/de\/wp-json\/wp\/v2\/pages\/5554"}],"wp:attachment":[{"href":"https:\/\/judaica-unsleben.de\/de\/wp-json\/wp\/v2\/media?parent=5537"}],"curies":[{"name":"wp","href":"https:\/\/api.w.org\/{rel}","templated":true}]}}