{"id":5533,"date":"2016-05-17T07:39:32","date_gmt":"2016-05-17T05:39:32","guid":{"rendered":"http:\/\/judaica-unsleben.de\/de\/technologies__trashed\/panoramic-photography\/"},"modified":"2017-03-26T19:22:13","modified_gmt":"2017-03-26T17:22:13","slug":"panoramic-photography","status":"publish","type":"page","link":"https:\/\/judaica-unsleben.de\/de\/technologies\/panoramic-photography\/","title":{"rendered":"Panorama Photographie"},"content":{"rendered":"<p>[et_pb_section admin_label=&#8220;Header&#8220; fullwidth=&#8220;on&#8220; specialty=&#8220;off&#8220; background_image=&#8220;http:\/\/judaica-unsleben.de\/wp-content\/uploads\/2015\/12\/eyalta_photo-3199801.jpg&#8220; transparent_background=&#8220;off&#8220; allow_player_pause=&#8220;off&#8220; inner_shadow=&#8220;off&#8220; parallax=&#8220;off&#8220; parallax_method=&#8220;on&#8220; padding_mobile=&#8220;off&#8220; make_fullwidth=&#8220;off&#8220; use_custom_width=&#8220;off&#8220; width_unit=&#8220;on&#8220; make_equal=&#8220;off&#8220; use_custom_gutter=&#8220;off&#8220; custom_padding=&#8220;0px|0px|0px|0px&#8220; background_color=&#8220;#ffffff&#8220;][et_pb_fullwidth_header admin_label=&#8220;Fullwidth Header&#8220; background_layout=&#8220;dark&#8220; text_orientation=&#8220;left&#8220; header_fullscreen=&#8220;off&#8220; header_scroll_down=&#8220;off&#8220; parallax=&#8220;off&#8220; parallax_method=&#8220;off&#8220; content_orientation=&#8220;center&#8220; image_orientation=&#8220;center&#8220; title_font_size=&#8220;48&#8243; custom_button_one=&#8220;off&#8220; button_one_letter_spacing=&#8220;0&#8243; button_one_use_icon=&#8220;default&#8220; button_one_icon_placement=&#8220;right&#8220; button_one_on_hover=&#8220;on&#8220; button_one_letter_spacing_hover=&#8220;0&#8243; custom_button_two=&#8220;off&#8220; button_two_letter_spacing=&#8220;0&#8243; button_two_use_icon=&#8220;default&#8220; button_two_icon_placement=&#8220;right&#8220; button_two_on_hover=&#8220;on&#8220; button_two_letter_spacing_hover=&#8220;0&#8243; title=&#8220;Unfolding Communities&#8220; subhead=&#8220;The Lost Jews of Unsleben&#8220; subhead_font_size=&#8220;28px&#8220; background_color=&#8220;rgba(0,0,0,0.36)&#8220; title_font_color=&#8220;#ffffff&#8220;] [\/et_pb_fullwidth_header][et_pb_fullwidth_menu admin_label=&#8220;Fullwidth Menu&#8220; menu_id=&#8220;2&#8243; background_color=&#8220;rgba(28,28,28,0.64)&#8220; background_layout=&#8220;dark&#8220; text_orientation=&#8220;center&#8220; submenu_direction=&#8220;downwards&#8220; fullwidth_menu=&#8220;off&#8220; dropdown_menu_animation=&#8220;fade&#8220; menu_font_size=&#8220;22px&#8220; active_link_color=&#8220;#af1a24&#8243; custom_css_main_element=&#8220; border-style: solid;|| border-bottom: solid #952727;|| border-bottom-width: 6px;||&#8220; custom_css_active_menu_link=&#8220;color: #f0cd7a !important;||&#8220; custom_css_dropdown_container=&#8220;width:350px;&#8220; custom_css_dropdown_links=&#8220;width:350px;&#8220;] [\/et_pb_fullwidth_menu][\/et_pb_section][et_pb_section admin_label=&#8220;Section&#8220; fullwidth=&#8220;off&#8220; specialty=&#8220;off&#8220; transparent_background=&#8220;off&#8220; background_color=&#8220;#ffffff&#8220; allow_player_pause=&#8220;off&#8220; inner_shadow=&#8220;off&#8220; parallax=&#8220;off&#8220; parallax_method=&#8220;off&#8220; custom_padding=&#8220;0px|0px|0px|0px&#8220; padding_mobile=&#8220;off&#8220; make_fullwidth=&#8220;off&#8220; use_custom_width=&#8220;off&#8220; width_unit=&#8220;on&#8220; make_equal=&#8220;off&#8220; use_custom_gutter=&#8220;off&#8220;][et_pb_row admin_label=&#8220;Row&#8220; make_fullwidth=&#8220;off&#8220; use_custom_width=&#8220;off&#8220; width_unit=&#8220;on&#8220; use_custom_gutter=&#8220;off&#8220; custom_padding=&#8220;||2px|&#8220; padding_mobile=&#8220;off&#8220; allow_player_pause=&#8220;off&#8220; parallax=&#8220;off&#8220; parallax_method=&#8220;off&#8220; make_equal=&#8220;off&#8220; parallax_1=&#8220;off&#8220; parallax_method_1=&#8220;off&#8220; padding_bottom_1=&#8220;0px&#8220; column_padding_mobile=&#8220;on&#8220;][et_pb_column type=&#8220;4_4&#8243;][et_pb_post_title admin_label=&#8220;Post Title&#8220; title=&#8220;on&#8220; meta=&#8220;off&#8220; author=&#8220;on&#8220; date=&#8220;on&#8220; categories=&#8220;on&#8220; comments=&#8220;on&#8220; featured_image=&#8220;off&#8220; featured_placement=&#8220;below&#8220; parallax_effect=&#8220;on&#8220; parallax_method=&#8220;on&#8220; text_orientation=&#8220;center&#8220; text_color=&#8220;dark&#8220; text_background=&#8220;off&#8220; text_bg_color=&#8220;rgba(255,255,255,0.9)&#8220; module_bg_color=&#8220;rgba(255,255,255,0)&#8220; title_all_caps=&#8220;off&#8220; use_border_color=&#8220;off&#8220; border_color=&#8220;#ffffff&#8220; border_style=&#8220;solid&#8220; custom_margin=&#8220;||0px|&#8220; custom_padding=&#8220;||0px|&#8220;] [\/et_pb_post_title][et_pb_divider admin_label=&#8220;Divider&#8220; color=&#8220;#e02b20&#8243; show_divider=&#8220;on&#8220; divider_style=&#8220;solid&#8220; divider_position=&#8220;top&#8220; hide_on_mobile=&#8220;on&#8220;] [\/et_pb_divider][\/et_pb_column][\/et_pb_row][\/et_pb_section][et_pb_section admin_label=&#8220;Section&#8220; fullwidth=&#8220;off&#8220; specialty=&#8220;off&#8220;][et_pb_row admin_label=&#8220;Row&#8220;][et_pb_column type=&#8220;4_4&#8243;][et_pb_text admin_label=&#8220;Text&#8220; background_layout=&#8220;light&#8220; text_orientation=&#8220;left&#8220; use_border_color=&#8220;off&#8220; border_color=&#8220;#ffffff&#8220; border_style=&#8220;solid&#8220; saved_tabs=&#8220;all&#8220;]<\/p>\n<div id=\"stacks_in_712_page21\" class=\"stacks_in text_stack\"><\/div>\n<div id=\"stacks_out_718_page21\" class=\"stacks_out\">\n<div id=\"stacks_in_718_page21\" class=\"stacks_in com_joeworkman_stacks_fancy-image_gallery_stack\">\n<div id=\"image_stacks_in_718_page21\">\n<div class=\"centered_image\"><strong>Einleitung<\/strong><\/div>\n<\/div>\n<\/div>\n<\/div>\n<p>Die meisten Methoden, die diese Form der Wechselwirkung erlauben, kreisen um die Techniken dieman Panoramischer VR (virtuelle Realit\u00e4t) nennt.<\/p>\n<p>VR-Panoramafotografie ist\u00a0 seit ungef\u00e4hr 15 Jahren bekannt und wird immer beliebter.<\/p>\n<p>Die Technik ist mit drei Hauptstufen verbunden:<\/p>\n<p>Die Schaffung eines Panoramabildes mit\u00a0ein breiteren Gesichtskreis. Das kann imit einer Vielfalt von Methoden erreicht werden, die in den folgenden Paragrafen besprochen werden.<br \/>\nDie &#8222;Verpackung&#8220; des Digitalbildes in ein spezifisches Format, das es erm\u00f6glicht auf verschiedenen Plattformen angesehen zu werden. Computer(Tablet, usw.).<\/p>\n<p>Play-Back oder\u00a0verschiedene Typen der Wechselwirkung, wie Schwenk, das Surren, Bewegen, Einbetten\u00a0von Medien und Daten in die Szene.<\/p>\n<p><strong>Aus bescheidenen Anf\u00e4ngen<\/strong><\/p>\n<p>Panoramafotografie ist fast so alt wie die Fotografie selbst, Von Anfang der 1850er Jahre durch das sich schnell entwickelnde Foto und\u00a0von Drucktechniken, bis zu speziellen Panoramakameras, hat die Panoramabildaufbereitung schnell an Beliebtheit gewonnen.\u00a0Aber in dem nichtdigitalen Zeitalter war\u00a0 immer nur\u00a0ein gro\u00dfer, breiter Formatdruck m\u00f6glich.<\/p>\n<p>Heute auch werden viele Panoramabilder spezifisch f\u00fcr den Druck von\u00a0Postkarten\u00a0f\u00fcr Touristen unf f\u00fcrs\u00a0pers\u00f6nliche Album gemacht, vor allem von Landschaften.<\/p>\n<p>Jedoch erst seit 1997\u00a0gibt es das\u00a0interaktive Panorama durch die Entwicklung von Apple QuickTime VR, eine Erweiterung auf den Quickdraw von Apple und sp\u00e4tere Systemarchitektur von QuickTime.<\/p>\n<p>QuickTime VR hat den Markt viele Jahre lang beherrscht. Jedoch, da die Beliebtheit der Technik gewachsen ist, sind zus\u00e4tzliche Betrachtungsoptionen erschienen. Prim\u00e4r unter diesen ist die Blitzplattform, aber in einem kleineren Ausma\u00df finden wir auch Java, SilverLight, OpenGL, WebGL und JavaScript.<\/p>\n<p>Heute, mit den Anzeigebeschr\u00e4nkungen der Telefon- und Tablet-Technologie und der langsam abnehmenden Beliebtheit im Blitz, bietet HTML5 ein neues Anzeigeformat an.<\/p>\n<p>Es verbietet sich aus Platzgr\u00fcnden, die Hardware und Softwarebetreffen und die\u00a0st\u00e4ndigen neuen\u00a0Entwicklungsrichtungen des panoramischem VR zu vertiefen.\u00a0 Diese kurze Beschreibung hat zum Ziel\u00a0f\u00fcr das panoramischen VR\u00a0zeigen, welches interaktives Potenzial es anbietet. und wie es im Projekt von Unsleben verwendet wurde.<\/p>\n<p>Mit VR-Panoramafotos kann man mit\u00a0 jedem Schritt\u00a0ein Gef\u00fchl des Schwindels, der Raumverwirrung und der Gleichgewichtsst\u00f6rung erzeugen. Es\u00a0macht den Zuschauer\u00a0zum Teilnehmer. Der Sinn ist dem Betrachter immer neue Seiten des Bildes\u00a0und immer neue Informationen entdecken zu lassen.<\/p>\n<p><strong>Typen von panoramischem VR<\/strong><\/p>\n<p>Panoramen k\u00f6nnen einen vollen 360 Gradeinschluss enthalten, gewisserma\u00dfen den Zuschauer umgebend. Sie k\u00f6nnen jedoch auf auch einen kleineren Ausschnitt zeigen. Nicht immer ist es wichtig oder\u00a0 w\u00fcnschenswert,\u00a0 kompletten Raum zu zeigen.<\/p>\n<p>Der vertikale Einbezug des Panoramas kann auch unseren Eindruck der Szene beeinflussen.<\/p>\n<p>Allgemein differenzieren wir zwischen Kugelf\u00f6rmigen und Zylindrischen Panoramen.<\/p>\n<p>Kugelf\u00f6rmige Panoramen\u00a0bringen den Zuschauer in einen virtuellen Bereich, der ihm den\u00a0Eindruck verschafft, ersieht die Welt\u00a0 in alle Richtungen .\u00a0 volle 360 Grad ringsherum und vom Himmel oben zur Erde unten, von der gro\u00dfartigen Decke der Kirche zum Teppich unter unseren F\u00fc\u00dfen.<\/p>\n<p>Zylindrische Panoramen beschr\u00e4nken den vertikalen Eindruck des Bildes. Sie\u00a0stellen den Zuschauer in einen virtuellen Zylinder, der durch seinen\u00a0oberen und unteren Rand begrenz ist.<\/p>\n<p>Die vertikale Begrenzung von zylindrischem VRs wird durch die L\u00e4nge der Linse im Brennpunkt\u00a0bestimmt. Ein breiterer Winkel wird eine gr\u00f6\u00dfere Einbezeihung geben. Vertikale\u00a0Vergr\u00f6\u00dferung kann auch durch das Schie\u00dfen von mehr als einer Reihe von Panoramabildern erreicht werden. Das ist als ein Mehrreihenpanorama bekannt.<\/p>\n<p>W\u00e4hrend das\u00a0kugelf\u00f6rmige Panorama\u00a0 eindrucksvoller sein kann, muss es nicht notwendigerweise besser sein. Die Wahl der Technik sollte\u00a0sich danach richten, was f\u00fcr die Ansicht wichtig ist, und was einfach ablenkend sein k\u00f6nnte.\u00a0In einem\u00a0Fall liegen die wichtigsten Informationen unter unserem prim\u00e4ren Blickfeld oder sieliegen dar\u00fcber. In anderen F\u00e4llen f\u00fcgen eine wei\u00dfe Decke oder leerer Himmel, ein mit Ziegeln gedeckter Fu\u00dfboden oder der Kameradreifu\u00df nichts zum Betrachtungsprozess hinzu.<\/p>\n<p>Die Wahl\u00a0liegt immer\u00a0beim Fotografen, der mit den technologischen Einschr\u00e4nkungen von Kameras, Linsen, Dreifu\u00df VR K\u00f6pfe und anderen Begrenzungsfaktoren vertraut ist.<\/p>\n<h4><\/h4>\n<p>&nbsp;<\/p>\n<p>[\/et_pb_text][\/et_pb_column][\/et_pb_row][\/et_pb_section]<\/p>\n","protected":false},"excerpt":{"rendered":"<p>Einleitung Die meisten Methoden, die diese Form der Wechselwirkung erlauben, kreisen um die Techniken dieman Panoramischer VR (virtuelle Realit\u00e4t) nennt. VR-Panoramafotografie ist\u00a0 seit ungef\u00e4hr 15 Jahren bekannt und wird immer beliebter. Die Technik ist mit drei Hauptstufen verbunden: Die Schaffung eines Panoramabildes mit\u00a0ein breiteren Gesichtskreis. Das kann imit einer Vielfalt von Methoden erreicht werden, die [&hellip;]<\/p>\n","protected":false},"author":2,"featured_media":0,"parent":5554,"menu_order":0,"comment_status":"closed","ping_status":"closed","template":"","meta":{"_et_pb_use_builder":"on","_et_pb_old_content":"","_et_gb_content_width":"","footnotes":""},"class_list":["post-5533","page","type-page","status-publish","hentry"],"_links":{"self":[{"href":"https:\/\/judaica-unsleben.de\/de\/wp-json\/wp\/v2\/pages\/5533","targetHints":{"allow":["GET"]}}],"collection":[{"href":"https:\/\/judaica-unsleben.de\/de\/wp-json\/wp\/v2\/pages"}],"about":[{"href":"https:\/\/judaica-unsleben.de\/de\/wp-json\/wp\/v2\/types\/page"}],"author":[{"embeddable":true,"href":"https:\/\/judaica-unsleben.de\/de\/wp-json\/wp\/v2\/users\/2"}],"replies":[{"embeddable":true,"href":"https:\/\/judaica-unsleben.de\/de\/wp-json\/wp\/v2\/comments?post=5533"}],"version-history":[{"count":8,"href":"https:\/\/judaica-unsleben.de\/de\/wp-json\/wp\/v2\/pages\/5533\/revisions"}],"predecessor-version":[{"id":7339,"href":"https:\/\/judaica-unsleben.de\/de\/wp-json\/wp\/v2\/pages\/5533\/revisions\/7339"}],"up":[{"embeddable":true,"href":"https:\/\/judaica-unsleben.de\/de\/wp-json\/wp\/v2\/pages\/5554"}],"wp:attachment":[{"href":"https:\/\/judaica-unsleben.de\/de\/wp-json\/wp\/v2\/media?parent=5533"}],"curies":[{"name":"wp","href":"https:\/\/api.w.org\/{rel}","templated":true}]}}