{"id":5531,"date":"2016-05-15T10:10:55","date_gmt":"2016-05-15T08:10:55","guid":{"rendered":"http:\/\/judaica-unsleben.de\/de\/geschichte\/the-synagogue\/"},"modified":"2017-03-24T12:10:26","modified_gmt":"2017-03-24T10:10:26","slug":"the-synagogue","status":"publish","type":"page","link":"https:\/\/judaica-unsleben.de\/de\/geschichte\/the-synagogue\/","title":{"rendered":"Die Synagoge"},"content":{"rendered":"<p>[et_pb_section admin_label=&#8220;Header&#8220; fullwidth=&#8220;on&#8220; specialty=&#8220;off&#8220; background_image=&#8220;http:\/\/judaica-unsleben.de\/wp-content\/uploads\/2015\/12\/eyalta_photo-3199801.jpg&#8220; transparent_background=&#8220;off&#8220; allow_player_pause=&#8220;off&#8220; inner_shadow=&#8220;off&#8220; parallax=&#8220;off&#8220; parallax_method=&#8220;on&#8220; padding_mobile=&#8220;off&#8220; make_fullwidth=&#8220;off&#8220; use_custom_width=&#8220;off&#8220; width_unit=&#8220;on&#8220; make_equal=&#8220;off&#8220; use_custom_gutter=&#8220;off&#8220; custom_padding=&#8220;0px|0px|0px|0px&#8220; background_color=&#8220;#ffffff&#8220;][et_pb_fullwidth_header admin_label=&#8220;Fullwidth Header&#8220; background_layout=&#8220;dark&#8220; text_orientation=&#8220;left&#8220; header_fullscreen=&#8220;off&#8220; header_scroll_down=&#8220;off&#8220; parallax=&#8220;off&#8220; parallax_method=&#8220;off&#8220; content_orientation=&#8220;center&#8220; image_orientation=&#8220;center&#8220; title_font_size=&#8220;48&#8243; custom_button_one=&#8220;off&#8220; button_one_letter_spacing=&#8220;0&#8243; button_one_use_icon=&#8220;default&#8220; button_one_icon_placement=&#8220;right&#8220; button_one_on_hover=&#8220;on&#8220; button_one_letter_spacing_hover=&#8220;0&#8243; custom_button_two=&#8220;off&#8220; button_two_letter_spacing=&#8220;0&#8243; button_two_use_icon=&#8220;default&#8220; button_two_icon_placement=&#8220;right&#8220; button_two_on_hover=&#8220;on&#8220; button_two_letter_spacing_hover=&#8220;0&#8243; title=&#8220;Eine Gemeinde h\u00e4lt R\u00fcckschau&#8220; subhead=&#8220;Die verlorenen Juden von Unsleben&#8220; subhead_font_size=&#8220;28px&#8220; background_color=&#8220;rgba(0,0,0,0.36)&#8220; title_font_color=&#8220;#ffffff&#8220;] [\/et_pb_fullwidth_header][et_pb_fullwidth_menu admin_label=&#8220;Fullwidth Menu&#8220; menu_id=&#8220;2&#8243; background_color=&#8220;rgba(28,28,28,0.64)&#8220; background_layout=&#8220;dark&#8220; text_orientation=&#8220;center&#8220; submenu_direction=&#8220;downwards&#8220; fullwidth_menu=&#8220;off&#8220; dropdown_menu_animation=&#8220;fade&#8220; menu_font_size=&#8220;22px&#8220; active_link_color=&#8220;#af1a24&#8243; custom_css_main_element=&#8220; border-style: solid;|| border-bottom: solid #952727;|| border-bottom-width: 6px;||&#8220; custom_css_active_menu_link=&#8220;color: #f0cd7a !important;||&#8220; custom_css_dropdown_container=&#8220;width:350px;&#8220; custom_css_dropdown_links=&#8220;width:350px;&#8220;] [\/et_pb_fullwidth_menu][\/et_pb_section][et_pb_section admin_label=&#8220;Section&#8220; fullwidth=&#8220;off&#8220; specialty=&#8220;off&#8220; transparent_background=&#8220;off&#8220; background_color=&#8220;#ffffff&#8220; allow_player_pause=&#8220;off&#8220; inner_shadow=&#8220;off&#8220; parallax=&#8220;off&#8220; parallax_method=&#8220;off&#8220; custom_padding=&#8220;0px|0px|0px|0px&#8220; padding_mobile=&#8220;off&#8220; make_fullwidth=&#8220;off&#8220; use_custom_width=&#8220;off&#8220; width_unit=&#8220;on&#8220; make_equal=&#8220;off&#8220; use_custom_gutter=&#8220;off&#8220;][et_pb_row admin_label=&#8220;Row&#8220; make_fullwidth=&#8220;off&#8220; use_custom_width=&#8220;off&#8220; width_unit=&#8220;on&#8220; use_custom_gutter=&#8220;off&#8220; custom_padding=&#8220;||2px|&#8220; padding_mobile=&#8220;off&#8220; allow_player_pause=&#8220;off&#8220; parallax=&#8220;off&#8220; parallax_method=&#8220;off&#8220; make_equal=&#8220;off&#8220; parallax_1=&#8220;off&#8220; parallax_method_1=&#8220;off&#8220; padding_bottom_1=&#8220;0px&#8220; column_padding_mobile=&#8220;on&#8220;][et_pb_column type=&#8220;4_4&#8243;][et_pb_post_title admin_label=&#8220;Post Title&#8220; title=&#8220;on&#8220; meta=&#8220;off&#8220; author=&#8220;on&#8220; date=&#8220;on&#8220; categories=&#8220;on&#8220; comments=&#8220;on&#8220; featured_image=&#8220;off&#8220; featured_placement=&#8220;below&#8220; parallax_effect=&#8220;on&#8220; parallax_method=&#8220;on&#8220; text_orientation=&#8220;center&#8220; text_color=&#8220;dark&#8220; text_background=&#8220;off&#8220; text_bg_color=&#8220;rgba(255,255,255,0.9)&#8220; module_bg_color=&#8220;rgba(255,255,255,0)&#8220; title_all_caps=&#8220;off&#8220; use_border_color=&#8220;off&#8220; border_color=&#8220;#ffffff&#8220; border_style=&#8220;solid&#8220; custom_margin=&#8220;||0px|&#8220; custom_padding=&#8220;||0px|&#8220;] [\/et_pb_post_title][et_pb_divider admin_label=&#8220;Divider&#8220; color=&#8220;#e02b20&#8243; show_divider=&#8220;on&#8220; divider_style=&#8220;solid&#8220; divider_position=&#8220;top&#8220; hide_on_mobile=&#8220;on&#8220;] [\/et_pb_divider][\/et_pb_column][\/et_pb_row][\/et_pb_section][et_pb_section admin_label=&#8220;Section&#8220; fullwidth=&#8220;off&#8220; specialty=&#8220;off&#8220;][et_pb_row admin_label=&#8220;Row&#8220;][et_pb_column type=&#8220;1_3&#8243;][et_pb_text admin_label=&#8220;Text&#8220; background_layout=&#8220;light&#8220; text_orientation=&#8220;left&#8220; use_border_color=&#8220;off&#8220; border_color=&#8220;#ffffff&#8220; border_style=&#8220;solid&#8220;]<\/p>\n<p>Die erste Synagoge wurde 1753 gebaut. Es war ein Geb\u00e4ude in einem Hof auf der linken Seite\u00a0der unteren\u00a0Streugasse, und es hat bis 1923 bestanden. Nur einige Berichte gibt es \u00fcber die Geschichte der ersten Synagoge .\u00a0Am Ende der 1830er Jahre, unter Dr L. Adler, wurden regelm\u00e4\u00dfige\u00a0Gottesdienste \u00a0in der Synagoge &#8211; mit Psalmen, deutschen Liedern und Gebeten gehalten. W\u00e4hrend des 19. Jahrhunderts war diese Synagoge zu klein geworden. 1837 hat die j\u00fcdische Gemeinde die gro\u00dfe Zehntelscheune\u00a0in der\u00a0Kemete f\u00fcr 1,000 Gulden mit dem Ziel gekauft, eine Schule und Synagoge dort einzubauen. Die Entw\u00fcrfe f\u00fcr\u00a0den Einbau einer\u00a0Schule und Synagoge wurden verworfen und die Scheune wurde auf Abbruch verkauft und am Ortsausgang auf der rechten Seite Richtung Bad Neustadt wieder aufgebaut, wo sie heute noch steht.\u00a01838 wurde zun\u00e4chst eine Schule am M\u00fchlweg gebaut.\u00a0 1851 wurde der Synagogenbau auf dem nun freien Platz in der Kemete wieder aufgegriffen und nach den Pl\u00e4nen der Handwerker 1855 erbaut. Die Kosten des Projektes\u00a0f\u00fcr die Kultusgemeindebetrugen 2,499 Gulden. In den 1860er Jahren war die \u00a0die Synagoge von Unsleben\u00a0 kurz\u00a0Gegenstand eines\u00a0erhitzten Streits zwischen j\u00fcdischen liberalen und orthodoxen Gruppen.<\/p>\n<p>[\/et_pb_text][\/et_pb_column][et_pb_column type=&#8220;1_3&#8243;][et_pb_text admin_label=&#8220;Text&#8220; background_layout=&#8220;light&#8220; text_orientation=&#8220;left&#8220; use_border_color=&#8220;off&#8220; border_color=&#8220;#ffffff&#8220; border_style=&#8220;solid&#8220;]<\/p>\n<p>In einem Artikel\u00a0 in der \u00a0Liberalen &amp; Allgemeine Zeitung des Judentums, hat\u00a0 Moses Leib Bamberger (Sohn von Rabbi Seligman Baer Bamberger, seit 1865 Rabbi in Bad Kissingen , der nachher zum dauerhaften Rabbi 1872 ernannt ist),\u00a0 von der Kultusgemeinde Unsleben verlangt, ein traditionelles Gitter vor der Frauenempore\u00a0anzubringen, das zu\u00a0viel\u00a0Aufregung und Diskussionen gef\u00fchrt hat. Im M\u00e4rz 1931 wurde die Synagoge mit Hakenkreuzen beschmiert. Im Anschluss an die antisemitischen Ausschreitungen am 30. September 1938 in Mellrichstadt wurden die Schriftrollen\u00a0der Torah und andere Ritualgegenst\u00e4nde\u00a0aus der Synagoge in Unsleben entfernt und in einem sicheren Platz verwahrt. Nach 1945 wurden sie in die Vereinigten Staaten gebracht.\u00a0Beim Pogrom im\u00a0November 1938 wurden die Ritualgegenst\u00e4nde der Gemeinschaft von Bastheim, die in die Synagoge von Unsleben im September 1938 gebracht worden waren, zerst\u00f6rt. Nachdem die letzten j\u00fcdischen Einwohner deportiert wurden, hat die Kommunalverwaltung das j\u00fcdische Gemeindeverm\u00f6gen \u00fcbernommen und hat das Geb\u00e4ude als Feuerwehrhaus benutzt. Etwa 1950 hat die Gemeinde die Synagoge gekauft und in ein &#8222;Haus der B\u00e4uerin&#8220; umgewandelt, in dem die Hausfrauen mit modernen Ger\u00e4ten ihre Arbeit zu besonderen Anl\u00e4ssen(Gro\u00dfw\u00e4sche, Schlachten, Familenfeieern)\u00a0 erledigen konnten. In den achtziger Jahren wurde der Synagogenraum in ein Versammlungszimmer f\u00fcr die Vereine oder gemeindliche Veranstaltungen und das \u00a0ihm anliegenden ehemaligen Lagerhaus der Gebr. Naumann in ein Versammlungsraum f\u00fcr \u00a0gr\u00f6ssere\u00a0 Veranstaltungen(&#8222;Dorfscheuer&#8220;) verwandelt. Eine Ged\u00e4chtnistafel\u00a0ist am Geb\u00e4ude angebracht.<\/p>\n<p>[\/et_pb_text][\/et_pb_column][et_pb_column type=&#8220;1_3&#8243;][et_pb_gallery admin_label=&#8220;Gallery&#8220; gallery_ids=&#8220;3402,4378&#8243; fullwidth=&#8220;on&#8220; show_title_and_caption=&#8220;on&#8220; show_pagination=&#8220;on&#8220; background_layout=&#8220;light&#8220; auto=&#8220;on&#8220; hover_overlay_color=&#8220;rgba(255,255,255,0.9)&#8220; caption_all_caps=&#8220;off&#8220; use_border_color=&#8220;off&#8220; border_color=&#8220;#ffffff&#8220; border_style=&#8220;solid&#8220;] [\/et_pb_gallery][\/et_pb_column][\/et_pb_row][\/et_pb_section]<\/p>\n","protected":false},"excerpt":{"rendered":"<p>Die erste Synagoge wurde 1753 gebaut. Es war ein Geb\u00e4ude in einem Hof auf der linken Seite\u00a0der unteren\u00a0Streugasse, und es hat bis 1923 bestanden. Nur einige Berichte gibt es \u00fcber die Geschichte der ersten Synagoge .\u00a0Am Ende der 1830er Jahre, unter Dr L. Adler, wurden regelm\u00e4\u00dfige\u00a0Gottesdienste \u00a0in der Synagoge &#8211; mit Psalmen, deutschen Liedern und [&hellip;]<\/p>\n","protected":false},"author":2,"featured_media":0,"parent":2617,"menu_order":6,"comment_status":"closed","ping_status":"closed","template":"","meta":{"_et_pb_use_builder":"on","_et_pb_old_content":"","_et_gb_content_width":"","footnotes":""},"class_list":["post-5531","page","type-page","status-publish","hentry"],"_links":{"self":[{"href":"https:\/\/judaica-unsleben.de\/de\/wp-json\/wp\/v2\/pages\/5531","targetHints":{"allow":["GET"]}}],"collection":[{"href":"https:\/\/judaica-unsleben.de\/de\/wp-json\/wp\/v2\/pages"}],"about":[{"href":"https:\/\/judaica-unsleben.de\/de\/wp-json\/wp\/v2\/types\/page"}],"author":[{"embeddable":true,"href":"https:\/\/judaica-unsleben.de\/de\/wp-json\/wp\/v2\/users\/2"}],"replies":[{"embeddable":true,"href":"https:\/\/judaica-unsleben.de\/de\/wp-json\/wp\/v2\/comments?post=5531"}],"version-history":[{"count":7,"href":"https:\/\/judaica-unsleben.de\/de\/wp-json\/wp\/v2\/pages\/5531\/revisions"}],"predecessor-version":[{"id":7190,"href":"https:\/\/judaica-unsleben.de\/de\/wp-json\/wp\/v2\/pages\/5531\/revisions\/7190"}],"up":[{"embeddable":true,"href":"https:\/\/judaica-unsleben.de\/de\/wp-json\/wp\/v2\/pages\/2617"}],"wp:attachment":[{"href":"https:\/\/judaica-unsleben.de\/de\/wp-json\/wp\/v2\/media?parent=5531"}],"curies":[{"name":"wp","href":"https:\/\/api.w.org\/{rel}","templated":true}]}}