{"id":2621,"date":"2016-03-23T14:23:29","date_gmt":"2016-03-23T14:23:29","guid":{"rendered":"http:\/\/judaica-unsleben.de\/de\/cemetry\/"},"modified":"2017-03-24T12:12:09","modified_gmt":"2017-03-24T10:12:09","slug":"friedhof","status":"publish","type":"page","link":"https:\/\/judaica-unsleben.de\/de\/friedhof\/","title":{"rendered":"Der Friedhof"},"content":{"rendered":"<p>[et_pb_section admin_label=&#8220;Header&#8220; fullwidth=&#8220;on&#8220; specialty=&#8220;off&#8220; background_image=&#8220;http:\/\/judaica-unsleben.de\/wp-content\/uploads\/2015\/12\/eyalta_photo-3199801-1.jpg&#8220; transparent_background=&#8220;off&#8220; allow_player_pause=&#8220;off&#8220; inner_shadow=&#8220;off&#8220; parallax=&#8220;off&#8220; parallax_method=&#8220;on&#8220; padding_mobile=&#8220;off&#8220; make_fullwidth=&#8220;off&#8220; use_custom_width=&#8220;off&#8220; width_unit=&#8220;on&#8220; make_equal=&#8220;off&#8220; use_custom_gutter=&#8220;off&#8220; custom_padding=&#8220;0px|0px|0px|0px&#8220; background_color=&#8220;#ffffff&#8220;][et_pb_fullwidth_header admin_label=&#8220;Fullwidth Header&#8220; background_layout=&#8220;dark&#8220; text_orientation=&#8220;left&#8220; header_fullscreen=&#8220;off&#8220; header_scroll_down=&#8220;off&#8220; parallax=&#8220;off&#8220; parallax_method=&#8220;off&#8220; content_orientation=&#8220;center&#8220; image_orientation=&#8220;center&#8220; title_font_size=&#8220;48&#8243; custom_button_one=&#8220;off&#8220; button_one_letter_spacing=&#8220;0&#8243; button_one_use_icon=&#8220;default&#8220; button_one_icon_placement=&#8220;right&#8220; button_one_on_hover=&#8220;on&#8220; button_one_letter_spacing_hover=&#8220;0&#8243; custom_button_two=&#8220;off&#8220; button_two_letter_spacing=&#8220;0&#8243; button_two_use_icon=&#8220;default&#8220; button_two_icon_placement=&#8220;right&#8220; button_two_on_hover=&#8220;on&#8220; button_two_letter_spacing_hover=&#8220;0&#8243; title=&#8220;Eine Gemeinde h\u00e4lt R\u00fcckschau&#8220; subhead=&#8220;Die verlorenen Juden von Unsleben&#8220; subhead_font_size=&#8220;28px&#8220; background_color=&#8220;rgba(0,0,0,0.36)&#8220; title_font_color=&#8220;#ffffff&#8220;] [\/et_pb_fullwidth_header][et_pb_fullwidth_menu admin_label=&#8220;Fullwidth Menu&#8220; menu_id=&#8220;2&#8243; background_color=&#8220;rgba(28,28,28,0.64)&#8220; background_layout=&#8220;dark&#8220; text_orientation=&#8220;center&#8220; submenu_direction=&#8220;downwards&#8220; fullwidth_menu=&#8220;off&#8220; dropdown_menu_animation=&#8220;fade&#8220; custom_css_main_element=&#8220;border-style: solid;|| border-bottom: solid #952727;|| border-bottom-width: 6px;&#8220; active_link_color=&#8220;#af1a24&#8243; custom_css_active_menu_link=&#8220;color: #f0cd7a !important;&#8220; custom_css_dropdown_container=&#8220;width:350px;&#8220; custom_css_dropdown_links=&#8220;width:350px;&#8220; menu_font_size=&#8220;24px&#8220;] [\/et_pb_fullwidth_menu][\/et_pb_section][et_pb_section admin_label=&#8220;Section&#8220; fullwidth=&#8220;on&#8220; specialty=&#8220;off&#8220; transparent_background=&#8220;off&#8220; background_color=&#8220;#952727&#8243; allow_player_pause=&#8220;off&#8220; inner_shadow=&#8220;off&#8220; parallax=&#8220;off&#8220; parallax_method=&#8220;off&#8220; custom_padding=&#8220;0px|0px&#8220; padding_mobile=&#8220;off&#8220; make_fullwidth=&#8220;off&#8220; use_custom_width=&#8220;off&#8220; width_unit=&#8220;on&#8220; make_equal=&#8220;off&#8220; use_custom_gutter=&#8220;off&#8220;][et_pb_fullwidth_image admin_label=&#8220;Fullwidth Image&#8220; src=&#8220;http:\/\/judaica-unsleben.de\/wp-content\/uploads\/2015\/12\/stroke.png&#8220; show_in_lightbox=&#8220;off&#8220; url_new_window=&#8220;off&#8220; animation=&#8220;left&#8220; use_border_color=&#8220;off&#8220; border_color=&#8220;#ffffff&#8220; border_style=&#8220;solid&#8220;] [\/et_pb_fullwidth_image][\/et_pb_section][et_pb_section admin_label=&#8220;Section&#8220; fullwidth=&#8220;off&#8220; specialty=&#8220;off&#8220; transparent_background=&#8220;off&#8220; allow_player_pause=&#8220;off&#8220; inner_shadow=&#8220;off&#8220; parallax=&#8220;off&#8220; parallax_method=&#8220;off&#8220; custom_padding=&#8220;0px||0px|&#8220; padding_mobile=&#8220;off&#8220; make_fullwidth=&#8220;off&#8220; use_custom_width=&#8220;off&#8220; width_unit=&#8220;on&#8220; make_equal=&#8220;off&#8220; use_custom_gutter=&#8220;off&#8220;][et_pb_row admin_label=&#8220;Row&#8220;][et_pb_column type=&#8220;1_4&#8243;][et_pb_image admin_label=&#8220;Image&#8220; src=&#8220;http:\/\/judaica-unsleben.de\/wp-content\/uploads\/2016\/03\/eyalta_photo-3199801.jpg&#8220; show_in_lightbox=&#8220;off&#8220; url_new_window=&#8220;off&#8220; use_overlay=&#8220;off&#8220; animation=&#8220;left&#8220; sticky=&#8220;off&#8220; align=&#8220;left&#8220; force_fullwidth=&#8220;off&#8220; always_center_on_mobile=&#8220;on&#8220; use_border_color=&#8220;off&#8220; border_color=&#8220;#ffffff&#8220; border_style=&#8220;solid&#8220; url=&#8220;http:\/\/judaica-unsleben.de\/cemetry\/tombstones\/&#8220; custom_margin=&#8220;|15%||&#8220;] [\/et_pb_image][et_pb_button admin_label=&#8220;Button&#8220; button_url=&#8220;http:\/\/judaica-unsleben.de\/cemetry\/tombstones\/&#8220; url_new_window=&#8220;off&#8220; button_text=&#8220;Grabsteine&#8220; button_alignment=&#8220;center&#8220; background_layout=&#8220;light&#8220; custom_button=&#8220;on&#8220; button_letter_spacing=&#8220;0&#8243; button_use_icon=&#8220;default&#8220; button_icon_placement=&#8220;right&#8220; button_on_hover=&#8220;on&#8220; button_letter_spacing_hover=&#8220;0&#8243; button_border_width=&#8220;0&#8243; button_text_color=&#8220;rgba(0,0,0,0.51)&#8220;] [\/et_pb_button][\/et_pb_column][et_pb_column type=&#8220;1_2&#8243;][et_pb_video admin_label=&#8220;Video&#8220; src=&#8220;https:\/\/www.youtube.com\/watch?v=sM7tl8cnob8&#8243; image_src=&#8220;http:\/\/judaica-unsleben.de\/wp-content\/uploads\/2016\/03\/Overview_for-YouTube-Poster.jpg&#8220;] [\/et_pb_video][et_pb_blurb admin_label=&#8220;Blurb&#8220; title=&#8220;Der Friedhof von oben&#8220; url_new_window=&#8220;off&#8220; use_icon=&#8220;off&#8220; icon_color=&#8220;#7EBEC5&#8243; use_circle=&#8220;off&#8220; circle_color=&#8220;#7EBEC5&#8243; use_circle_border=&#8220;off&#8220; circle_border_color=&#8220;#7EBEC5&#8243; icon_placement=&#8220;top&#8220; animation=&#8220;top&#8220; background_layout=&#8220;light&#8220; text_orientation=&#8220;center&#8220; use_icon_font_size=&#8220;off&#8220; use_border_color=&#8220;off&#8220; border_color=&#8220;#ffffff&#8220; border_style=&#8220;solid&#8220; header_text_color=&#8220;#898989&#8243;]<\/p>\n<p style=\"text-align: left;\">Vom Friedhof aus gesehen liegt das Dorf westlich davon etwa 1,5 km entfernt. Der Friedhof steht unter dem Schutz der Gemeindeverwaltung. Der Friedhof wurde im Innern nie ver\u00e4ndert, anfangs des 21. Jahrhunderts erhielt er eine Bruchsteinmauer, w\u00e4hrend er urspr\u00fcnglich mit Fichtenb\u00e4umen umgrenzt war. Nach der sog. Reichskristallnacht wurde der Friedhof von Nazis zerst\u00f6rt,\u00a0Grabsteine wurden umgeworfen, die Glastafeln zerschlagen, so dass heute manche Gr\u00e4ber anonym geworden sind. er blieb bis 1948 so liegen. Das Video zeigt eine Gymnasialschulklasse von Bad Neustadt und Mikveh Yisrael, wie sie die Grabsteine reinigen und erfassen.<\/p>\n<p>[\/et_pb_blurb][\/et_pb_column][et_pb_column type=&#8220;1_4&#8243;][et_pb_image admin_label=&#8220;Image&#8220; src=&#8220;http:\/\/judaica-unsleben.de\/wp-content\/uploads\/2016\/03\/eyalta_photo-3200014.jpg&#8220; show_in_lightbox=&#8220;off&#8220; url_new_window=&#8220;off&#8220; use_overlay=&#8220;off&#8220; animation=&#8220;left&#8220; sticky=&#8220;off&#8220; align=&#8220;left&#8220; force_fullwidth=&#8220;off&#8220; always_center_on_mobile=&#8220;on&#8220; use_border_color=&#8220;off&#8220; border_color=&#8220;#ffffff&#8220; border_style=&#8220;solid&#8220; url=&#8220;http:\/\/judaica-unsleben.de\/cemetry\/tour\/&#8220; custom_margin=&#8220;|||15%&#8220;] [\/et_pb_image][et_pb_button admin_label=&#8220;Button&#8220; button_url=&#8220;http:\/\/judaica-unsleben.de\/cemetry\/tour\/&#8220; url_new_window=&#8220;off&#8220; button_text=&#8220;Vituelle Tour&#8220; button_alignment=&#8220;center&#8220; background_layout=&#8220;light&#8220; custom_button=&#8220;on&#8220; button_letter_spacing=&#8220;0&#8243; button_use_icon=&#8220;default&#8220; button_icon_placement=&#8220;right&#8220; button_on_hover=&#8220;on&#8220; button_letter_spacing_hover=&#8220;0&#8243; button_border_width=&#8220;0&#8243; button_text_color=&#8220;rgba(0,0,0,0.51)&#8220;] [\/et_pb_button][\/et_pb_column][\/et_pb_row][\/et_pb_section]<\/p>\n","protected":false},"excerpt":{"rendered":"<p>Vom Friedhof aus gesehen liegt das Dorf westlich davon etwa 1,5 km entfernt. Der Friedhof steht unter dem Schutz der Gemeindeverwaltung. Der Friedhof wurde im Innern nie ver\u00e4ndert, anfangs des 21. Jahrhunderts erhielt er eine Bruchsteinmauer, w\u00e4hrend er urspr\u00fcnglich mit Fichtenb\u00e4umen umgrenzt war. Nach der sog. Reichskristallnacht wurde der Friedhof von Nazis zerst\u00f6rt,\u00a0Grabsteine wurden umgeworfen, [&hellip;]<\/p>\n","protected":false},"author":2,"featured_media":0,"parent":0,"menu_order":5,"comment_status":"closed","ping_status":"closed","template":"","meta":{"_et_pb_use_builder":"on","_et_pb_old_content":"","_et_gb_content_width":"","footnotes":""},"class_list":["post-2621","page","type-page","status-publish","hentry"],"_links":{"self":[{"href":"https:\/\/judaica-unsleben.de\/de\/wp-json\/wp\/v2\/pages\/2621","targetHints":{"allow":["GET"]}}],"collection":[{"href":"https:\/\/judaica-unsleben.de\/de\/wp-json\/wp\/v2\/pages"}],"about":[{"href":"https:\/\/judaica-unsleben.de\/de\/wp-json\/wp\/v2\/types\/page"}],"author":[{"embeddable":true,"href":"https:\/\/judaica-unsleben.de\/de\/wp-json\/wp\/v2\/users\/2"}],"replies":[{"embeddable":true,"href":"https:\/\/judaica-unsleben.de\/de\/wp-json\/wp\/v2\/comments?post=2621"}],"version-history":[{"count":7,"href":"https:\/\/judaica-unsleben.de\/de\/wp-json\/wp\/v2\/pages\/2621\/revisions"}],"predecessor-version":[{"id":7191,"href":"https:\/\/judaica-unsleben.de\/de\/wp-json\/wp\/v2\/pages\/2621\/revisions\/7191"}],"wp:attachment":[{"href":"https:\/\/judaica-unsleben.de\/de\/wp-json\/wp\/v2\/media?parent=2621"}],"curies":[{"name":"wp","href":"https:\/\/api.w.org\/{rel}","templated":true}]}}