{"id":2610,"date":"2015-12-06T16:18:59","date_gmt":"2015-12-06T16:18:59","guid":{"rendered":"http:\/\/judaica-unsleben.de\/de\/home\/"},"modified":"2017-05-02T17:44:20","modified_gmt":"2017-05-02T15:44:20","slug":"startseite","status":"publish","type":"page","link":"https:\/\/judaica-unsleben.de\/de\/","title":{"rendered":"Startseite"},"content":{"rendered":"<p>[et_pb_section admin_label=&#8220;Section&#8220; fullwidth=&#8220;on&#8220; specialty=&#8220;off&#8220; background_image=&#8220;http:\/\/judaica-unsleben.de\/wp-content\/uploads\/2015\/12\/eyalta_photo-3199801.jpg&#8220; transparent_background=&#8220;off&#8220; allow_player_pause=&#8220;off&#8220; inner_shadow=&#8220;off&#8220; parallax=&#8220;off&#8220; parallax_method=&#8220;off&#8220; padding_mobile=&#8220;off&#8220; make_fullwidth=&#8220;off&#8220; use_custom_width=&#8220;off&#8220; width_unit=&#8220;on&#8220; make_equal=&#8220;off&#8220; use_custom_gutter=&#8220;off&#8220; custom_padding=&#8220;0px|0px|0px|0px&#8220;][et_pb_fullwidth_header admin_label=&#8220;Fullwidth Header&#8220; background_layout=&#8220;dark&#8220; text_orientation=&#8220;left&#8220; header_fullscreen=&#8220;off&#8220; header_scroll_down=&#8220;off&#8220; parallax=&#8220;off&#8220; parallax_method=&#8220;off&#8220; content_orientation=&#8220;center&#8220; image_orientation=&#8220;center&#8220; title_font_size=&#8220;48&#8243; custom_button_one=&#8220;off&#8220; button_one_letter_spacing=&#8220;0&#8243; button_one_use_icon=&#8220;default&#8220; button_one_icon_placement=&#8220;right&#8220; button_one_on_hover=&#8220;on&#8220; button_one_letter_spacing_hover=&#8220;0&#8243; custom_button_two=&#8220;off&#8220; button_two_letter_spacing=&#8220;0&#8243; button_two_use_icon=&#8220;default&#8220; button_two_icon_placement=&#8220;right&#8220; button_two_on_hover=&#8220;on&#8220; button_two_letter_spacing_hover=&#8220;0&#8243; title=&#8220;Eine Gemeinde h\u00e4lt R\u00fcckschau&#8220; subhead=&#8220;Die verlorenen Juden von Unsleben&#8220; subhead_font_size=&#8220;28px&#8220; background_color=&#8220;rgba(0,0,0,0.36)&#8220; title_font_color=&#8220;#ffffff&#8220;] [\/et_pb_fullwidth_header][et_pb_fullwidth_menu admin_label=&#8220;Fullwidth Menu&#8220; menu_id=&#8220;2&#8243; background_color=&#8220;rgba(28,28,28,0.64)&#8220; background_layout=&#8220;dark&#8220; text_orientation=&#8220;center&#8220; submenu_direction=&#8220;downwards&#8220; fullwidth_menu=&#8220;off&#8220; dropdown_menu_animation=&#8220;fade&#8220; menu_font_size=&#8220;20px&#8220; active_link_color=&#8220;#af1a24&#8243;] [\/et_pb_fullwidth_menu][\/et_pb_section][et_pb_section admin_label=&#8220;Section&#8220; fullwidth=&#8220;on&#8220; specialty=&#8220;off&#8220; transparent_background=&#8220;off&#8220; background_color=&#8220;#952727&#8243; allow_player_pause=&#8220;off&#8220; inner_shadow=&#8220;off&#8220; parallax=&#8220;off&#8220; parallax_method=&#8220;off&#8220; custom_padding=&#8220;0px|0px&#8220; padding_mobile=&#8220;off&#8220; make_fullwidth=&#8220;off&#8220; use_custom_width=&#8220;off&#8220; width_unit=&#8220;on&#8220; make_equal=&#8220;off&#8220; use_custom_gutter=&#8220;off&#8220; gutter_width=&#8220;3&#8243;][et_pb_fullwidth_image admin_label=&#8220;Fullwidth Image&#8220; src=&#8220;http:\/\/judaica-unsleben.de\/wp-content\/uploads\/2015\/12\/stroke.png&#8220; show_in_lightbox=&#8220;off&#8220; url_new_window=&#8220;off&#8220; animation=&#8220;left&#8220; use_border_color=&#8220;off&#8220; border_color=&#8220;#ffffff&#8220; border_style=&#8220;solid&#8220; custom_margin=&#8220;||0px|&#8220;] [\/et_pb_fullwidth_image][\/et_pb_section][et_pb_section admin_label=&#8220;Section&#8220; fullwidth=&#8220;off&#8220; specialty=&#8220;off&#8220; transparent_background=&#8220;off&#8220; allow_player_pause=&#8220;off&#8220; inner_shadow=&#8220;off&#8220; parallax=&#8220;off&#8220; parallax_method=&#8220;off&#8220; custom_padding=&#8220;0px|||&#8220; padding_mobile=&#8220;off&#8220; make_fullwidth=&#8220;off&#8220; use_custom_width=&#8220;off&#8220; width_unit=&#8220;on&#8220; make_equal=&#8220;off&#8220; use_custom_gutter=&#8220;off&#8220; gutter_width=&#8220;3&#8243;][et_pb_row admin_label=&#8220;Row&#8220; make_fullwidth=&#8220;off&#8220; use_custom_width=&#8220;off&#8220; width_unit=&#8220;on&#8220; use_custom_gutter=&#8220;off&#8220; gutter_width=&#8220;3&#8243; padding_mobile=&#8220;off&#8220; allow_player_pause=&#8220;off&#8220; parallax=&#8220;off&#8220; parallax_method=&#8220;off&#8220; make_equal=&#8220;off&#8220; parallax_1=&#8220;off&#8220; parallax_method_1=&#8220;off&#8220; parallax_2=&#8220;off&#8220; parallax_method_2=&#8220;off&#8220; padding_top_2=&#8220;0px&#8220; column_padding_mobile=&#8220;on&#8220;][et_pb_column type=&#8220;1_2&#8243;][et_pb_gallery admin_label=&#8220;Gallery&#8220; gallery_ids=&#8220;590,589,588,586,587,635,632&#8243; fullwidth=&#8220;on&#8220; show_title_and_caption=&#8220;off&#8220; show_pagination=&#8220;off&#8220; background_layout=&#8220;light&#8220; auto=&#8220;on&#8220; auto_speed=&#8220;4000&#8243; hover_overlay_color=&#8220;rgba(255,255,255,0.9)&#8220; caption_all_caps=&#8220;off&#8220; use_border_color=&#8220;on&#8220; border_color=&#8220;#020202&#8243; border_style=&#8220;solid&#8220; caption_font_size=&#8220;14&#8243; title_font_size=&#8220;16&#8243; border_width=&#8220;2px&#8220; custom_css_main_element=&#8220;-webkit-box-shadow: 3px 4px 10px -4px rgba(0,0,0,0.9);||-moz-box-shadow: 3px 4px 10px -4px rgba(0,0,0,0.9);||box-shadow: 3px 4px 10px -4px rgba(0,0,0,0.9);||&#8220; gallery_orderby=&#8220;rand&#8220;] [\/et_pb_gallery][\/et_pb_column][et_pb_column type=&#8220;1_2&#8243;][et_pb_text admin_label=&#8220;Text&#8220; background_layout=&#8220;light&#8220; text_orientation=&#8220;left&#8220; use_border_color=&#8220;off&#8220; border_color=&#8220;#ffffff&#8220; border_style=&#8220;solid&#8220; custom_margin=&#8220;||0px|&#8220; custom_padding=&#8220;||5px|&#8220; text_font_size=&#8220;18&#8243;] <strong>Dies ist ein Ort, an dem sich Werte und Technologie begegnen<\/strong> [\/et_pb_text][et_pb_text admin_label=&#8220;Text&#8220; background_layout=&#8220;light&#8220; text_orientation=&#8220;left&#8220; use_border_color=&#8220;off&#8220; border_color=&#8220;#ffffff&#8220; border_style=&#8220;solid&#8220; custom_margin=&#8220;0px|||0px&#8220; custom_padding=&#8220;0px|||0px&#8220;]<\/p>\n<p><span style=\"line-height: 1.7em;\">Er erz\u00e4hlt vom Zusammentreffen von Menschen, die den Wunsch haben, einander besser zu verstehen, und\u00a0wie die digitale Bildbearbeitung und interaktive Medientechniken diesen Wunsch Wirklichkeit werden lassen.<br \/>\nEs ist auch ein Beispiel daf\u00fcr, wie sich Dinge entwickeln k\u00f6nnen, wie aus einer simplen Idee eine m\u00e4chtige Aktion werden kann.<br \/>\nVor allem aber ist dies eine Demonstration der Macht gemeinsamer sozialer Werte, des Glaubens an das Gute im Menschen und der F\u00e4higkeit von Kommunikationstechniken, gegenseitiges Verst\u00e4ndnis unter den Menschen und jenseits aller Konflikte zu f\u00f6rdern.<br \/>\nWenn eine ehemals vitale Kultus-Gemeinde aufh\u00f6rt zu existieren, dann hinterl\u00e4sst sie gegenst\u00e4ndliche Spuren der verschiedensten Aspekte des Gemeinschaftslebens. Diese Spuren sind in aller Regel konkret: \u00f6ffentliche Geb\u00e4ude, Privath\u00e4user, Friedh\u00f6fe oder Kunstgegenst\u00e4nde.<br \/>\nDer Sinn der\u00a0Besch\u00e4ftigung mit einer solchen\u00a0fr\u00fcheren Kultus-Gemeinde ist es, dem Betrachter zu erm\u00f6glichen, Geschichtsforschung an diesen Zeugnissen unmittelbar zu erleben.<br \/>\nDieser Internetauftritt beschreibt ein laufendes Dokumentationsprojekt, das historische Forschung kombiniert mit interkultureller Bildungsarbeit, mit angewandten Bildgebungsverfahren und mit einem \u00dcberdenken von Gruppenidentit\u00e4ten.<br \/>\nDas konkrete Dokumentationsprojekt, das hier diskutiert wird, hat einen j\u00fcdischen Friedhof zum Gegenstand, gelegen in Unsleben an der Streu und Els, einem\u00a0Dorf in Nordbayern, Deutschland.<\/span><\/p>\n<p>&nbsp;<\/p>\n<p>[\/et_pb_text][\/et_pb_column][\/et_pb_row][et_pb_row admin_label=&#8220;Zeile&#8220;][et_pb_column type=&#8220;4_4&#8243;][et_pb_text admin_label=&#8220;Text&#8220; background_layout=&#8220;light&#8220; text_orientation=&#8220;left&#8220; use_border_color=&#8220;off&#8220; border_color=&#8220;#ffffff&#8220; border_style=&#8220;solid&#8220;]<\/p>\n<p><span style=\"font-size: large;\"><strong><a href=\"http:\/\/judaica-unsleben.de\/wp-content\/uploads\/2015\/12\/Michael.jpg\"><img loading=\"lazy\" decoding=\"async\" class=\"alignleft wp-image-7396\" src=\"http:\/\/judaica-unsleben.de\/wp-content\/uploads\/2015\/12\/Michael-269x300.jpg\" alt=\"\" width=\"200\" height=\"223\" srcset=\"https:\/\/judaica-unsleben.de\/wp-content\/uploads\/2015\/12\/Michael-269x300.jpg 269w, https:\/\/judaica-unsleben.de\/wp-content\/uploads\/2015\/12\/Michael-768x857.jpg 768w, https:\/\/judaica-unsleben.de\/wp-content\/uploads\/2015\/12\/Michael-917x1024.jpg 917w, https:\/\/judaica-unsleben.de\/wp-content\/uploads\/2015\/12\/Michael.jpg 1065w\" sizes=\"auto, (max-width: 200px) 100vw, 200px\" \/><\/a>Gru\u00dfwort des 1.B\u00fcrgermeisters Michael Gottwald zu \u201ejudaica &#8211; unsleben\u201c<\/strong> <\/span><\/p>\n<p>P\u00e4dagogik, Historie und ein brisantes Thema deutscher Zeitgeschichte ist das Material einer mit hohem Aufwand hergestellten Homepage, deren Wert f\u00fcr die Nachwelt nicht hoch genug eingesch\u00e4tzt werden kann.<\/p>\n<p>In Unsleben lebten \u00fcber die letzten Jahrhunderte bis zur Zeit des Dritten Reiches bis zu 250 Personen, Familien, Frauen, M\u00e4nner und Kinder j\u00fcdischen Glaubens. Sie waren angesehen, hatten sich in Vereinen und f\u00fcr das d\u00f6rfliche Leben engagiert. Die Kinder spielten auf den Gassen miteinander und waren nur durch die jeweiligen Schulen und Glaubensrituale getrennt.<\/p>\n<p>Die Erwachsenen arbeiteten und betrieben Handel miteinander. Die Vielzahl j\u00fcdischer Gesch\u00e4fte, deren Produkte den B\u00fcrgern in Unsleben heute noch bekannt sind, lie\u00dfen den kleinen Ort zu einem bl\u00fchenden Handelszentrum der regionalen Wirtschaft werden. Kultur und Vielfalt, Toleranz und Akzeptanz unterschiedlicher Religionen haben Unsleben zu einer weltoffenen Gemeinschaft werden lassen, was sich bis in die Gegenwart feststellen l\u00e4sst.<\/p>\n<p>Das Hitler- Regime hat einen Keil in dieses Miteinander getrieben und die V\u00f6lkergemeinschaft zerst\u00f6rt. Die letzten 19 Juden Unslebens wurden 1942 ins ostpolnische Izbica deportiert, wo sie in verschiedenen umliegenden Konzentrationslagern ermordet wurden. 2007 durfte ich mit einer mainfr\u00e4nkischen Delegation dort hinreisen und neben Besuchen der Todeslager einen Gedenkstein einweihen. Diese Erfahrung hat mich noch intensiver f\u00fcr das Thema sensibilisiert und gepr\u00e4gt. Die N\u00e4he zur Todesmaschinerie der Nazis war beklemmend und sollte mich dauerhaft besch\u00e4ftigen.<\/p>\n<p>Unsleben selbst hat einen Ort des Erinnerns an seine letzten j\u00fcdischen Mitb\u00fcrger in N\u00e4he der ehemaligen j\u00fcdischen Synagoge errichtet. Die Trag\u00f6die um das Leid der Juden und vieler weiterer Menschen unterschiedlicher Nationen und Minderheiten, welches von deutschen Nationalisten zu verantworten ist, l\u00e4sst uns noch heute erschaudern. Zugleich fasziniert die Zivilcourage mancher damaliger Mitb\u00fcrger und Verwandte. Mein Opa Georg, selbst in den beiden Weltkriegen eingesetzt, erz\u00e4hlte mir als Kind, in langen Abenden, von seinen Erlebnissen. Er sprach auch davon, wie er selbst j\u00fcdische B\u00fcrger im Heu der Scheunen versteckte, um sie vor den Verbrecher- Schergen zu sch\u00fctzen. Wie gef\u00e4hrlich dies war, lie\u00df sich noch so viel sp\u00e4ter in seinen zur\u00fcckhaltenden, ja vorsichtigen Erl\u00e4uterungen erahnen.<\/p>\n<p>Die Erstellung der Homepage \u201ejudaica- unsleben\u201c ist eine Kooperation zwischen der University of Yale\/USA mit dem Hadassah College\u00a0in Jerusalem und dem Rh\u00f6n- Gymnasium Bad Neustadt unter Anleitung hochrangiger Experten. Ich habe sehr gro\u00dfen Respekt vor G\u00fcnter Henneberger und seinen Sch\u00fclern, dass sie sich diesem sensiblen und komplexen Abschnitt deutscher Geschichte widmen. Die Qualit\u00e4t mit der Prof. Moshe Caine und seine Studenten in Jerusalem eine hochwertige und spannungsgeladene Internetseite produziert haben, ist auszeichnungsw\u00fcrdig. Nicht zuletzt dem unerm\u00fcdlichen Engagement von Prof. Josef Hesselbach in hohem Alter, um die lokalen Ereignisse und Erfahrungen in Worte zu fassen und zu \u00fcbersetzen, muss ein besonderer Stellenwert einger\u00e4umt werden. Wir haben gemeinsam ein Werk geschaffen, welches seinen Beitrag zur Auss\u00f6hnung und V\u00f6lkerverst\u00e4ndigung zwischen den Nationen, f\u00fcr heutige und nachfolgende Generationen bereitstellt.<\/p>\n<p>Michael Gottwald, 1. B\u00fcrgermeister von Unsleben im April 2017<\/p>\n<p>[\/et_pb_text][\/et_pb_column][\/et_pb_row][\/et_pb_section]<\/p>\n","protected":false},"excerpt":{"rendered":"<p>Dies ist ein Ort, an dem sich Werte und Technologie begegnen Er erz\u00e4hlt vom Zusammentreffen von Menschen, die den Wunsch haben, einander besser zu verstehen, und\u00a0wie die digitale Bildbearbeitung und interaktive Medientechniken diesen Wunsch Wirklichkeit werden lassen. Es ist auch ein Beispiel daf\u00fcr, wie sich Dinge entwickeln k\u00f6nnen, wie aus einer simplen Idee eine m\u00e4chtige [&hellip;]<\/p>\n","protected":false},"author":2,"featured_media":0,"parent":0,"menu_order":0,"comment_status":"closed","ping_status":"closed","template":"","meta":{"_et_pb_use_builder":"on","_et_pb_old_content":"","_et_gb_content_width":"","footnotes":""},"class_list":["post-2610","page","type-page","status-publish","hentry"],"_links":{"self":[{"href":"https:\/\/judaica-unsleben.de\/de\/wp-json\/wp\/v2\/pages\/2610","targetHints":{"allow":["GET"]}}],"collection":[{"href":"https:\/\/judaica-unsleben.de\/de\/wp-json\/wp\/v2\/pages"}],"about":[{"href":"https:\/\/judaica-unsleben.de\/de\/wp-json\/wp\/v2\/types\/page"}],"author":[{"embeddable":true,"href":"https:\/\/judaica-unsleben.de\/de\/wp-json\/wp\/v2\/users\/2"}],"replies":[{"embeddable":true,"href":"https:\/\/judaica-unsleben.de\/de\/wp-json\/wp\/v2\/comments?post=2610"}],"version-history":[{"count":25,"href":"https:\/\/judaica-unsleben.de\/de\/wp-json\/wp\/v2\/pages\/2610\/revisions"}],"predecessor-version":[{"id":7401,"href":"https:\/\/judaica-unsleben.de\/de\/wp-json\/wp\/v2\/pages\/2610\/revisions\/7401"}],"wp:attachment":[{"href":"https:\/\/judaica-unsleben.de\/de\/wp-json\/wp\/v2\/media?parent=2610"}],"curies":[{"name":"wp","href":"https:\/\/api.w.org\/{rel}","templated":true}]}}