{"id":5605,"date":"2016-05-02T10:53:09","date_gmt":"2016-05-02T08:53:09","guid":{"rendered":"http:\/\/judaica-unsleben.de\/de\/home\/about\/"},"modified":"2017-03-31T12:24:44","modified_gmt":"2017-03-31T10:24:44","slug":"about","status":"publish","type":"page","link":"http:\/\/judaica-unsleben.de\/de\/about\/","title":{"rendered":"Absicht und Ziel"},"content":{"rendered":"<p>[et_pb_section admin_label=&#8220;Header&#8220; fullwidth=&#8220;on&#8220; specialty=&#8220;off&#8220; background_image=&#8220;http:\/\/judaica-unsleben.de\/wp-content\/uploads\/2015\/12\/eyalta_photo-3199801-1.jpg&#8220; transparent_background=&#8220;off&#8220; allow_player_pause=&#8220;off&#8220; inner_shadow=&#8220;off&#8220; parallax=&#8220;off&#8220; parallax_method=&#8220;on&#8220; padding_mobile=&#8220;off&#8220; make_fullwidth=&#8220;off&#8220; use_custom_width=&#8220;off&#8220; width_unit=&#8220;on&#8220; make_equal=&#8220;off&#8220; use_custom_gutter=&#8220;off&#8220; custom_padding=&#8220;0px||0px|&#8220; background_color=&#8220;#ffffff&#8220; custom_padding_last_edited=&#8220;on|desktop&#8220; disabled=&#8220;off&#8220; disabled_on=&#8220;off|off|&#8220;][et_pb_fullwidth_header admin_label=&#8220;Fullwidth Header&#8220; background_layout=&#8220;dark&#8220; text_orientation=&#8220;left&#8220; header_fullscreen=&#8220;off&#8220; header_scroll_down=&#8220;off&#8220; parallax=&#8220;off&#8220; parallax_method=&#8220;off&#8220; content_orientation=&#8220;center&#8220; image_orientation=&#8220;center&#8220; title_font_size=&#8220;48&#8243; custom_button_one=&#8220;off&#8220; button_one_letter_spacing=&#8220;0&#8243; button_one_use_icon=&#8220;default&#8220; button_one_icon_placement=&#8220;right&#8220; button_one_on_hover=&#8220;on&#8220; button_one_letter_spacing_hover=&#8220;0&#8243; custom_button_two=&#8220;off&#8220; button_two_letter_spacing=&#8220;0&#8243; button_two_use_icon=&#8220;default&#8220; button_two_icon_placement=&#8220;right&#8220; button_two_on_hover=&#8220;on&#8220; button_two_letter_spacing_hover=&#8220;0&#8243; title=&#8220;Eine Gemeinde h\u00e4lt R\u00fcckschau&#8220; subhead=&#8220;Die verlorenen Juden von Unsleben&#8220; subhead_font_size=&#8220;28px&#8220; background_color=&#8220;rgba(0,0,0,0.36)&#8220; title_font_color=&#8220;#ffffff&#8220;] [\/et_pb_fullwidth_header][et_pb_fullwidth_menu admin_label=&#8220;Fullwidth Menu&#8220; menu_id=&#8220;2&#8243; background_color=&#8220;rgba(28,28,28,0.64)&#8220; background_layout=&#8220;dark&#8220; text_orientation=&#8220;center&#8220; submenu_direction=&#8220;downwards&#8220; fullwidth_menu=&#8220;on&#8220; dropdown_menu_animation=&#8220;fade&#8220; custom_css_main_element=&#8220;border-style: solid;|| border-bottom: solid #952727;|| border-bottom-width: 6px;&#8220; active_link_color=&#8220;#af1a24&#8243; custom_css_active_menu_link=&#8220;color: #f0cd7a !important;&#8220; menu_font_size=&#8220;24px&#8220; disabled=&#8220;off&#8220; disabled_on=&#8220;off|off|off&#8220;] [\/et_pb_fullwidth_menu][\/et_pb_section][et_pb_section admin_label=&#8220;Section&#8220; fullwidth=&#8220;off&#8220; specialty=&#8220;off&#8220; transparent_background=&#8220;off&#8220; background_color=&#8220;#ffffff&#8220; allow_player_pause=&#8220;off&#8220; inner_shadow=&#8220;off&#8220; parallax=&#8220;off&#8220; parallax_method=&#8220;off&#8220; custom_padding=&#8220;0px|0px|0px|0px&#8220; padding_mobile=&#8220;off&#8220; make_fullwidth=&#8220;off&#8220; use_custom_width=&#8220;off&#8220; width_unit=&#8220;on&#8220; make_equal=&#8220;off&#8220; use_custom_gutter=&#8220;off&#8220;][et_pb_row admin_label=&#8220;Row&#8220; make_fullwidth=&#8220;off&#8220; use_custom_width=&#8220;off&#8220; width_unit=&#8220;on&#8220; use_custom_gutter=&#8220;off&#8220; custom_padding=&#8220;||2px|&#8220; padding_mobile=&#8220;off&#8220; allow_player_pause=&#8220;off&#8220; parallax=&#8220;off&#8220; parallax_method=&#8220;off&#8220; make_equal=&#8220;off&#8220; parallax_1=&#8220;off&#8220; parallax_method_1=&#8220;off&#8220; padding_bottom_1=&#8220;0px&#8220; column_padding_mobile=&#8220;on&#8220;][et_pb_column type=&#8220;4_4&#8243;][et_pb_post_title admin_label=&#8220;Post Title&#8220; title=&#8220;on&#8220; meta=&#8220;off&#8220; author=&#8220;on&#8220; date=&#8220;on&#8220; categories=&#8220;on&#8220; comments=&#8220;on&#8220; featured_image=&#8220;off&#8220; featured_placement=&#8220;below&#8220; parallax_effect=&#8220;on&#8220; parallax_method=&#8220;on&#8220; text_orientation=&#8220;center&#8220; text_color=&#8220;dark&#8220; text_background=&#8220;off&#8220; text_bg_color=&#8220;rgba(255,255,255,0.9)&#8220; module_bg_color=&#8220;rgba(255,255,255,0)&#8220; title_all_caps=&#8220;off&#8220; use_border_color=&#8220;off&#8220; border_color=&#8220;#ffffff&#8220; border_style=&#8220;solid&#8220; custom_margin=&#8220;||0px|&#8220; custom_padding=&#8220;||0px|&#8220;] [\/et_pb_post_title][et_pb_divider admin_label=&#8220;Divider&#8220; color=&#8220;#e02b20&#8243; show_divider=&#8220;on&#8220; divider_style=&#8220;solid&#8220; divider_position=&#8220;top&#8220; hide_on_mobile=&#8220;on&#8220;] [\/et_pb_divider][\/et_pb_column][\/et_pb_row][\/et_pb_section][et_pb_section admin_label=&#8220;Section&#8220; fullwidth=&#8220;off&#8220; specialty=&#8220;off&#8220; transparent_background=&#8220;off&#8220; allow_player_pause=&#8220;off&#8220; inner_shadow=&#8220;off&#8220; parallax=&#8220;off&#8220; parallax_method=&#8220;off&#8220; custom_padding=&#8220;0px|||&#8220; padding_mobile=&#8220;off&#8220; make_fullwidth=&#8220;off&#8220; use_custom_width=&#8220;off&#8220; width_unit=&#8220;on&#8220; make_equal=&#8220;off&#8220; use_custom_gutter=&#8220;off&#8220; gutter_width=&#8220;3&#8243;][et_pb_row admin_label=&#8220;Row&#8220; make_fullwidth=&#8220;off&#8220; use_custom_width=&#8220;off&#8220; width_unit=&#8220;on&#8220; use_custom_gutter=&#8220;off&#8220; gutter_width=&#8220;3&#8243; padding_mobile=&#8220;off&#8220; allow_player_pause=&#8220;off&#8220; parallax=&#8220;off&#8220; parallax_method=&#8220;off&#8220; make_equal=&#8220;off&#8220; parallax_1=&#8220;off&#8220; parallax_method_1=&#8220;off&#8220; parallax_2=&#8220;off&#8220; parallax_method_2=&#8220;off&#8220; padding_top_2=&#8220;0px&#8220; column_padding_mobile=&#8220;on&#8220;][et_pb_column type=&#8220;1_2&#8243;][et_pb_gallery admin_label=&#8220;Gallery&#8220; gallery_ids=&#8220;3504,3505,3506,3507,3508,3509,3510,3511&#8243; fullwidth=&#8220;on&#8220; show_title_and_caption=&#8220;off&#8220; show_pagination=&#8220;off&#8220; background_layout=&#8220;light&#8220; auto=&#8220;on&#8220; auto_speed=&#8220;4000&#8243; hover_overlay_color=&#8220;rgba(255,255,255,0.9)&#8220; caption_all_caps=&#8220;off&#8220; use_border_color=&#8220;off&#8220; border_color=&#8220;#020202&#8243; border_style=&#8220;solid&#8220; border_width=&#8220;0px&#8220; custom_css_main_element=&#8220;-webkit-box-shadow: 3px 4px 10px -4px rgba(0,0,0,0.9);||-moz-box-shadow: 3px 4px 10px -4px rgba(0,0,0,0.9);||box-shadow: 3px 4px 10px -4px rgba(0,0,0,0.9);||&#8220; gallery_orderby=&#8220;rand&#8220;] [\/et_pb_gallery][et_pb_video admin_label=&#8220;Video&#8220; src=&#8220;https:\/\/youtu.be\/oXvGjG2idTY&#8220;] [\/et_pb_video][et_pb_video admin_label=&#8220;Video&#8220; src=&#8220;https:\/\/youtu.be\/TI7B1_pGUdU&#8220;] [\/et_pb_video][\/et_pb_column][et_pb_column type=&#8220;1_2&#8243;][et_pb_text admin_label=&#8220;Text&#8220; background_layout=&#8220;light&#8220; text_orientation=&#8220;left&#8220; use_border_color=&#8220;off&#8220; border_color=&#8220;#ffffff&#8220; border_style=&#8220;solid&#8220; custom_margin=&#8220;||10px|&#8220; custom_padding=&#8220;||5px|&#8220; text_font_size=&#8220;18&#8243;]<\/p>\n<p><strong>Fallstudie<\/strong><\/p>\n<p>[\/et_pb_text][et_pb_text admin_label=&#8220;Text&#8220; background_layout=&#8220;light&#8220; text_orientation=&#8220;left&#8220; use_border_color=&#8220;off&#8220; border_color=&#8220;#ffffff&#8220; border_style=&#8220;solid&#8220; custom_margin=&#8220;0px|||0px&#8220; custom_padding=&#8220;0px|||0px&#8220;] <span id=\"Sp1.s2_o\" class=\"systran_seg\"><span id=\"token_1\" class=\"systran_token_entity\">Im September 2015<\/span>\u00a0nahm sich\u00a0<span id=\"token_0\" class=\"systran_token_word\">ein<\/span> <span id=\"token_4\" class=\"systran_token_word\">gemeinsames<\/span> <span id=\"token_0\" class=\"systran_token_word\">Highschool<\/span> <span id=\"token_7\" class=\"systran_token_word\">Austausch<\/span><span id=\"token_8\" class=\"systran_token_word\">programm<\/span> <span id=\"token_9\" class=\"systran_token_word\">von<\/span> <span id=\"token_10\" class=\"systran_token_word\">deutschen<\/span> <span id=\"token_11\" class=\"systran_token_word\">und<\/span> <span id=\"token_12\" class=\"systran_token_word\">israelischen<\/span> <span id=\"token_13\" class=\"systran_token_word\">Studenten<\/span> vor<span id=\"token_0\" class=\"systran_token_punctuation\">, den j\u00fcdischen Friedhof von Unsleben n\u00e4her zu betrachten und zu dokumentieren, um\u00a0<\/span> <span id=\"token_30\" class=\"systran_token_word\">Spuren<\/span> <span id=\"token_0\" class=\"systran_token_word\">einer<\/span> <span id=\"token_33\" class=\"systran_token_word\">einmal<\/span> <span id=\"token_34\" class=\"systran_token_word\">emporkommenden<\/span> <span id=\"token_35\" class=\"systran_token_word\">j\u00fcdischen<\/span> <span id=\"token_36\" class=\"systran_token_word\">Gemeinschaft zu erhalten, die<\/span>\u00a0 <span id=\"token_0\" class=\"systran_token_word\">der<\/span> <span id=\"token_40\" class=\"systran_token_word\">Vernichtung<\/span> <span id=\"token_0\" class=\"systran_token_word\">der<\/span> <span id=\"token_43\" class=\"systran_token_word\">Juden<\/span> <span id=\"token_44\" class=\"systran_token_word\">w\u00e4hrend<\/span> des 2. <span id=\"token_46\" class=\"systran_token_word\">Weltkriegs anheimfiel<\/span><span id=\"token_48\" class=\"systran_token_punctuation\">.<\/span><\/span> <span id=\"Sp1.s3_o\" class=\"systran_seg\"><span id=\"token_0\" class=\"systran_token_word\">Das<\/span> <span id=\"token_50\" class=\"systran_token_word\">Austausch<\/span><span id=\"token_51\" class=\"systran_token_word\">programm<\/span> <span id=\"token_52\" class=\"systran_token_word\">zwischen<\/span> <span id=\"token_0\" class=\"systran_token_word\">den<\/span> <span id=\"token_0\" class=\"systran_token_word\">Highschool<\/span> <span id=\"token_56\" class=\"systran_token_word\">Mikve<\/span> <span id=\"token_57\" class=\"systran_token_word\">Yisrael<\/span> <span id=\"token_0\" class=\"systran_token_word\">Highschool<\/span> <span id=\"token_58\" class=\"systran_token_punctuation\">(<\/span><span id=\"token_59\" class=\"systran_token_word\">Holon<\/span><span id=\"token_60\" class=\"systran_token_punctuation\">,<\/span> <span id=\"token_61\" class=\"systran_token_word\">Israel<\/span><span id=\"token_62\" class=\"systran_token_punctuation\">)<\/span> <span id=\"token_63\" class=\"systran_token_word\">und<\/span> <span id=\"token_0\" class=\"systran_token_word\">dem Rh\u00f6n-Gymnasium in Bad<\/span>\u00a0<span id=\"token_66\" class=\"systran_token_word\">Neustadt<\/span>\u00a0\u00a0existiert seit\u00a0<span id=\"token_79\" class=\"systran_token_word\">\u00fcber<\/span> <span id=\"token_80\" class=\"systran_token_word\">zwanzig<\/span> <span id=\"token_81\" class=\"systran_token_word\">Jahren.<\/span><\/span> <span id=\"Sp1.s4_o\" class=\"systran_seg\"><span id=\"token_0\" class=\"systran_token_word\">Der<\/span> <span id=\"token_84\" class=\"systran_token_word\">Inhalt<\/span> <span id=\"token_0\" class=\"systran_token_word\">des<\/span> <span id=\"token_87\" class=\"systran_token_word\">Programms<\/span>\u00a0ist <span id=\"token_89\" class=\"systran_token_word\">traditionsgem\u00e4\u00df<\/span>\u00a0der \u00a0<span id=\"token_92\" class=\"systran_token_word\">kulturelle<\/span> <span id=\"token_93\" class=\"systran_token_word\">Austausch<\/span><span id=\"token_94\" class=\"systran_token_punctuation\">.<\/span><\/span> <span id=\"Sp1.s5_o\" class=\"systran_seg\"><span id=\"token_0\" class=\"systran_token_word\">Das<\/span> <span id=\"token_97\" class=\"systran_token_word\">Dokumentationsprogramm<\/span><span id=\"token_0\" class=\"systran_token_punctuation\">,<\/span> <span id=\"token_98\" class=\"systran_token_word\">das<\/span> 2015 erstellt wurde<span id=\"token_0\" class=\"systran_token_punctuation\">,<\/span> <span id=\"token_100\" class=\"systran_token_word\">war<\/span> <span id=\"token_0\" class=\"systran_token_word\">der<\/span> <span id=\"token_102\" class=\"systran_token_word\">zweite<\/span> <span id=\"token_103\" class=\"systran_token_word\">Versuch<\/span><span id=\"token_0\" class=\"systran_token_punctuation\">,<\/span> <span id=\"token_0\" class=\"systran_token_word\">die<\/span> <span id=\"token_107\" class=\"systran_token_word\">Frage<\/span> <span id=\"token_0\" class=\"systran_token_word\">der<\/span> <span id=\"token_110\" class=\"systran_token_word\">Vergangenheit<\/span> <span id=\"token_105\" class=\"systran_token_word\">anzusprechen indem man sich eines j\u00fcdischen Friedhofs annahm.<\/span><\/span> [\/et_pb_text][et_pb_image admin_label=&#8220;Image&#8220; src=&#8220;http:\/\/judaica-unsleben.de\/wp-content\/uploads\/2016\/05\/logos_01-1.jpg&#8220; show_in_lightbox=&#8220;off&#8220; url_new_window=&#8220;off&#8220; use_overlay=&#8220;off&#8220; animation=&#8220;off&#8220; sticky=&#8220;off&#8220; align=&#8220;center&#8220; force_fullwidth=&#8220;off&#8220; always_center_on_mobile=&#8220;on&#8220; use_border_color=&#8220;off&#8220; border_color=&#8220;#ffffff&#8220; border_style=&#8220;solid&#8220;] [\/et_pb_image][et_pb_text admin_label=&#8220;Text&#8220; background_layout=&#8220;light&#8220; text_orientation=&#8220;left&#8220; use_border_color=&#8220;off&#8220; border_color=&#8220;#ffffff&#8220; border_style=&#8220;solid&#8220; custom_margin=&#8220;0px|||0px&#8220; custom_padding=&#8220;0px|||0px&#8220;] Dieser Friedhof ist einer von vielen in Bayern, der bildlich noch\u00a0nicht dokumentiert war und viele\u00a0unlesbare \u00a0Grabinschriften hat. Die urspr\u00fcngliche Hauptabsicht des Projektes war, aufzur\u00e4umen und\u00a0 aufzuarbeiten und jedes Grab zu dokumentieren. Bereits\u00a0 diese\u00a0 gemeinsame Arbeit\u00a0der Sch\u00fcler hat\u00a0zu Fragen \u00fcber die pers\u00f6nliche und kommunale\u00a0Einstellung\u00a0zum Glauben, die vorgefassten Meinungen und die gemeinsamen Werte\u00a0gef\u00fchrt. Au\u00dferdem wurden die\u00a0vorliegenden Informationen genutzt, um die\u00a0Geschichte der\u00a0j\u00fcdischen Gemeinschaft von Unsleben \u00f6ffentlich zug\u00e4nglich zu machen. Bisherige Ver\u00f6ffentlichungen\u00a0haben\u00a0 dieser kleinen\u00a0 Gemeinde im fr\u00fcheren Dorfleben\u00a0 nicht allzuviel Aufmerksamkeit geschenkt. Die Grabsteine konnten ein \u00a0Licht auf Aspekte werfen, \u00fcber die die Studenten\u00a0 durch andere schriftliche Quellen\u00a0nichts erfahren konnten. [\/et_pb_text][et_pb_image admin_label=&#8220;Image&#8220; src=&#8220;http:\/\/judaica-unsleben.de\/wp-content\/uploads\/2016\/05\/logos_02-1.jpg&#8220; show_in_lightbox=&#8220;off&#8220; url_new_window=&#8220;off&#8220; use_overlay=&#8220;off&#8220; animation=&#8220;off&#8220; sticky=&#8220;off&#8220; align=&#8220;center&#8220; force_fullwidth=&#8220;off&#8220; always_center_on_mobile=&#8220;on&#8220; use_border_color=&#8220;off&#8220; border_color=&#8220;#ffffff&#8220; border_style=&#8220;solid&#8220;] [\/et_pb_image][et_pb_text admin_label=&#8220;Text&#8220; background_layout=&#8220;light&#8220; text_orientation=&#8220;left&#8220; use_border_color=&#8220;off&#8220; border_color=&#8220;#ffffff&#8220; border_style=&#8220;solid&#8220; custom_margin=&#8220;0px|||0px&#8220; custom_padding=&#8220;0px|||0px&#8220;]<\/p>\n<p>Dieses Projekt ist das Ergebnis eines fr\u00fcheren, wichtigen Programms: Reise ins j\u00fcdische Erbe, es hat darauf gezielt, kleinere bekannte j\u00fcdische Gemeinschaften in der ganzen Welt zu dokumentieren.<br \/>\nUnter der Initiative von Professor Stefan Simon,\u00a0Leiter des\u00a0Instituts f\u00fcr die Bewahrung des Kulturellen Erbes an der Yale Universit\u00e4t, Herrn G\u00fcnter Henneberger vom Rh\u00f6n Gymnasium, und Herrn Eyal Tagar, Absolvent der Abteilung der Fotografischen Kommunikation in der Hadassah Akademischen Universit\u00e4t Jerusalem, wurden\u00a0 israelische und deutschen Studenten der H\u00f6heren Schule\u00a0 in der Methodik angeleitet, Friedh\u00f6fe zu dokumentieren.<\/p>\n<p>[\/et_pb_text][et_pb_text admin_label=&#8220;Text&#8220; background_layout=&#8220;light&#8220; text_orientation=&#8220;left&#8220; use_border_color=&#8220;off&#8220; border_color=&#8220;#ffffff&#8220; border_style=&#8220;solid&#8220; custom_margin=&#8220;||10px|&#8220; custom_padding=&#8220;||5px|&#8220; text_font_size=&#8220;18&#8243;]<\/p>\n<p>Ergebnis:<\/p>\n<p>[\/et_pb_text][et_pb_text admin_label=&#8220;Text&#8220; background_layout=&#8220;light&#8220; text_orientation=&#8220;left&#8220; use_border_color=&#8220;off&#8220; border_color=&#8220;#ffffff&#8220; border_style=&#8220;solid&#8220; custom_margin=&#8220;0px|||0px&#8220; custom_padding=&#8220;0px|||0px&#8220;] Die Dokumentation des Unslebener j\u00fcdischen Friedhofs zeigt, welche M\u00e4nner, Frauen und Kinder dort beerdigt sind. In manchen F\u00e4llen wird im hebr\u00e4ischen Text auch die Todesursache\u00a0\u00a0erw\u00e4hnt, \u00a0die Funktion in der Gemeindef\u00fchrung(Vorbeter, Lehrer, Arzt) oder\u00a0 Wohlt\u00e4ter der Gemeinde benannt. Aus dem Geburtsort wird die Herkunft ersichtlich. Die Inschriften lassen teilweise auch erkennen, was den Hinterbliebenen wichtig war zu betonen. Leider sind den wenigsten die hebr\u00e4ischen Texte\u00a0 zug\u00e4nglich, in Einzelf\u00e4llen kann die englische \u00dcbersetzung helfen. Mit den Informationen muss sorgf\u00e4ltig umgegangen werden, aber in Verbindung mit anderen Quellen aus Archiven kann manches dazu\u00a0erfahren werden. [\/et_pb_text][et_pb_text admin_label=&#8220;Text&#8220; background_layout=&#8220;light&#8220; text_orientation=&#8220;left&#8220; use_border_color=&#8220;off&#8220; border_color=&#8220;#ffffff&#8220; border_style=&#8220;solid&#8220;]<\/p>\n<p><strong>Interview B\u00fcrgermeister Michael Gottwald<\/strong><\/p>\n<p>[\/et_pb_text][\/et_pb_column][\/et_pb_row][\/et_pb_section]<\/p>\n","protected":false},"excerpt":{"rendered":"<p>Fallstudie Im September 2015\u00a0nahm sich\u00a0ein gemeinsames Highschool Austauschprogramm von deutschen und israelischen Studenten vor, den j\u00fcdischen Friedhof von Unsleben n\u00e4her zu betrachten und zu dokumentieren, um\u00a0 Spuren einer einmal emporkommenden j\u00fcdischen Gemeinschaft zu erhalten, die\u00a0 der Vernichtung der Juden w\u00e4hrend des 2. Weltkriegs anheimfiel. Das Austauschprogramm zwischen den Highschool Mikve Yisrael Highschool (Holon, Israel) und [&hellip;]<\/p>\n","protected":false},"author":1,"featured_media":0,"parent":0,"menu_order":1,"comment_status":"closed","ping_status":"closed","template":"","meta":{"_et_pb_use_builder":"on","_et_pb_old_content":"","_et_gb_content_width":"","footnotes":""},"class_list":["post-5605","page","type-page","status-publish","hentry"],"_links":{"self":[{"href":"http:\/\/judaica-unsleben.de\/de\/wp-json\/wp\/v2\/pages\/5605","targetHints":{"allow":["GET"]}}],"collection":[{"href":"http:\/\/judaica-unsleben.de\/de\/wp-json\/wp\/v2\/pages"}],"about":[{"href":"http:\/\/judaica-unsleben.de\/de\/wp-json\/wp\/v2\/types\/page"}],"author":[{"embeddable":true,"href":"http:\/\/judaica-unsleben.de\/de\/wp-json\/wp\/v2\/users\/1"}],"replies":[{"embeddable":true,"href":"http:\/\/judaica-unsleben.de\/de\/wp-json\/wp\/v2\/comments?post=5605"}],"version-history":[{"count":24,"href":"http:\/\/judaica-unsleben.de\/de\/wp-json\/wp\/v2\/pages\/5605\/revisions"}],"predecessor-version":[{"id":7367,"href":"http:\/\/judaica-unsleben.de\/de\/wp-json\/wp\/v2\/pages\/5605\/revisions\/7367"}],"wp:attachment":[{"href":"http:\/\/judaica-unsleben.de\/de\/wp-json\/wp\/v2\/media?parent=5605"}],"curies":[{"name":"wp","href":"https:\/\/api.w.org\/{rel}","templated":true}]}}