{"id":5527,"date":"2016-05-19T08:46:43","date_gmt":"2016-05-19T06:46:43","guid":{"rendered":"http:\/\/judaica-unsleben.de\/de\/hess-neuman\/"},"modified":"2019-03-18T13:04:26","modified_gmt":"2019-03-18T11:04:26","slug":"hess-neuman","status":"publish","type":"page","link":"http:\/\/judaica-unsleben.de\/de\/hess-neuman\/","title":{"rendered":"Nauman Hess"},"content":{"rendered":"<p>[et_pb_section admin_label=&#8220;Header&#8220; fullwidth=&#8220;on&#8220; specialty=&#8220;off&#8220; background_image=&#8220;http:\/\/judaica-unsleben.de\/wp-content\/uploads\/2015\/12\/eyalta_photo-3199801.jpg&#8220; transparent_background=&#8220;off&#8220; allow_player_pause=&#8220;off&#8220; inner_shadow=&#8220;off&#8220; parallax=&#8220;off&#8220; parallax_method=&#8220;on&#8220; padding_mobile=&#8220;off&#8220; make_fullwidth=&#8220;off&#8220; use_custom_width=&#8220;off&#8220; width_unit=&#8220;on&#8220; make_equal=&#8220;off&#8220; use_custom_gutter=&#8220;off&#8220; custom_padding=&#8220;0px|0px|0px|0px&#8220; background_color=&#8220;#ffffff&#8220;][et_pb_fullwidth_header admin_label=&#8220;Fullwidth Header&#8220; background_layout=&#8220;dark&#8220; text_orientation=&#8220;left&#8220; header_fullscreen=&#8220;off&#8220; header_scroll_down=&#8220;off&#8220; parallax=&#8220;off&#8220; parallax_method=&#8220;off&#8220; content_orientation=&#8220;center&#8220; image_orientation=&#8220;center&#8220; title_font_size=&#8220;48&#8243; custom_button_one=&#8220;off&#8220; button_one_letter_spacing=&#8220;0&#8243; button_one_use_icon=&#8220;default&#8220; button_one_icon_placement=&#8220;right&#8220; button_one_on_hover=&#8220;on&#8220; button_one_letter_spacing_hover=&#8220;0&#8243; custom_button_two=&#8220;off&#8220; button_two_letter_spacing=&#8220;0&#8243; button_two_use_icon=&#8220;default&#8220; button_two_icon_placement=&#8220;right&#8220; button_two_on_hover=&#8220;on&#8220; button_two_letter_spacing_hover=&#8220;0&#8243; title=&#8220;Unfolding Communities&#8220; subhead=&#8220;The Lost Jews of Unsleben&#8220; subhead_font_size=&#8220;28px&#8220; background_color=&#8220;rgba(0,0,0,0.36)&#8220; title_font_color=&#8220;#ffffff&#8220;] [\/et_pb_fullwidth_header][et_pb_fullwidth_menu admin_label=&#8220;Fullwidth Menu&#8220; menu_id=&#8220;2&#8243; background_color=&#8220;rgba(28,28,28,0.64)&#8220; background_layout=&#8220;dark&#8220; text_orientation=&#8220;center&#8220; submenu_direction=&#8220;downwards&#8220; fullwidth_menu=&#8220;off&#8220; dropdown_menu_animation=&#8220;fade&#8220; menu_font_size=&#8220;22px&#8220; active_link_color=&#8220;#af1a24&#8243; custom_css_main_element=&#8220; border-style: solid;|| border-bottom: solid #952727;|| border-bottom-width: 6px;||&#8220; custom_css_active_menu_link=&#8220;color: #f0cd7a !important;||&#8220; custom_css_dropdown_container=&#8220;width:350px;&#8220; custom_css_dropdown_links=&#8220;width:350px;&#8220;] [\/et_pb_fullwidth_menu][\/et_pb_section][et_pb_section admin_label=&#8220;Section&#8220; fullwidth=&#8220;off&#8220; specialty=&#8220;off&#8220; transparent_background=&#8220;off&#8220; background_color=&#8220;#ffffff&#8220; allow_player_pause=&#8220;off&#8220; inner_shadow=&#8220;off&#8220; parallax=&#8220;off&#8220; parallax_method=&#8220;off&#8220; custom_padding=&#8220;0px|0px|0px|0px&#8220; padding_mobile=&#8220;off&#8220; make_fullwidth=&#8220;off&#8220; use_custom_width=&#8220;off&#8220; width_unit=&#8220;on&#8220; make_equal=&#8220;off&#8220; use_custom_gutter=&#8220;off&#8220;][et_pb_row admin_label=&#8220;Row&#8220; make_fullwidth=&#8220;off&#8220; use_custom_width=&#8220;off&#8220; width_unit=&#8220;on&#8220; use_custom_gutter=&#8220;off&#8220; custom_padding=&#8220;||2px|&#8220; padding_mobile=&#8220;off&#8220; allow_player_pause=&#8220;off&#8220; parallax=&#8220;off&#8220; parallax_method=&#8220;off&#8220; make_equal=&#8220;off&#8220; parallax_1=&#8220;off&#8220; parallax_method_1=&#8220;off&#8220; padding_bottom_1=&#8220;0px&#8220; column_padding_mobile=&#8220;on&#8220;][et_pb_column type=&#8220;4_4&#8243;][et_pb_post_title admin_label=&#8220;Post Title&#8220; title=&#8220;on&#8220; meta=&#8220;off&#8220; author=&#8220;on&#8220; date=&#8220;on&#8220; categories=&#8220;on&#8220; comments=&#8220;on&#8220; featured_image=&#8220;off&#8220; featured_placement=&#8220;below&#8220; parallax_effect=&#8220;on&#8220; parallax_method=&#8220;on&#8220; text_orientation=&#8220;center&#8220; text_color=&#8220;dark&#8220; text_background=&#8220;off&#8220; text_bg_color=&#8220;rgba(255,255,255,0.9)&#8220; module_bg_color=&#8220;rgba(255,255,255,0)&#8220; title_all_caps=&#8220;off&#8220; use_border_color=&#8220;off&#8220; border_color=&#8220;#ffffff&#8220; border_style=&#8220;solid&#8220; custom_margin=&#8220;||0px|&#8220; custom_padding=&#8220;||0px|&#8220;] [\/et_pb_post_title][et_pb_divider admin_label=&#8220;Divider&#8220; color=&#8220;#e02b20&#8243; show_divider=&#8220;on&#8220; divider_style=&#8220;solid&#8220; divider_position=&#8220;top&#8220; hide_on_mobile=&#8220;on&#8220;] [\/et_pb_divider][\/et_pb_column][\/et_pb_row][\/et_pb_section][et_pb_section admin_label=&#8220;Section&#8220; fullwidth=&#8220;off&#8220; specialty=&#8220;off&#8220;][et_pb_row admin_label=&#8220;Row&#8220;][et_pb_column type=&#8220;1_3&#8243;][et_pb_video admin_label=&#8220;Video&#8220; src=&#8220;https:\/\/www.youtube.com\/watch?v=Tz2x7S-DjIQ&#8220;] [\/et_pb_video][\/et_pb_column][et_pb_column type=&#8220;2_3&#8243;][et_pb_text admin_label=&#8220;Text&#8220; background_layout=&#8220;light&#8220; text_orientation=&#8220;right&#8220; use_border_color=&#8220;on&#8220; border_color=&#8220;#000000&#8243; border_style=&#8220;solid&#8220; custom_padding=&#8220;15px|15px|15px|15px&#8220; disabled=&#8220;off&#8220; disabled_on=&#8220;off|off|off&#8220; custom_margin=&#8220;15px|||&#8220;]<\/p>\n<h5>Lottie Nauman Hess<\/h5>\n<p align=\"JUSTIFY\"><span style=\"font-family: Arial, sans-serif;\">Ich wurde 1925 geboren, meine fr\u00fchesten Erinnerungen an die Hitlerzeit decken sich wahrscheinlich mit meiner Einschulung(1932). Wir hatten eine j\u00fcdische Schule in Unsleben, mein Vater ging schon in diese Schule. Alle Klassen in einem Zimmer, wobei, glaube ich, vor der Hitlerzeit die meisten Sch\u00fcler nach der vierten Klasse nach Bad Neustadt auf die h\u00f6here Schule gingen.Unser Lehrer war auch der Kantor in der Synagoge. Als ich in die Schule kam war Blumenthal unser Lehrer und ich glaube, er ging in den Ruhestand und nach Amerika als ich im zweiten oder dritten Schuljahr war(1935). Ich wei\u00df, als wir viel sp\u00e4ter nach New York kamen, dass wir ihn manchmal trafen, er lebte in Brooklyn. Dann bekamen wir einen Lehrer namens Rosenbaum, der bis zum Schlu\u00df bei uns war.Ich meine, dass er und seine Frau schlie\u00dflich im Konzentrationslager endeten und get\u00f6ted wurden. <\/span><\/p>\n<p align=\"JUSTIFY\"><span style=\"font-family: Arial, sans-serif;\">Es war jedenfalls eine eng zusammenhaltende orthodoxe j\u00fcdische Gemeinde, jeder ging in die Synagoge am Sabbat und lebte koscher. Ich mu\u00df sagen, dass viele Familien miteinander verwandt waren, es gab viele Verwandtenehen.<\/span><\/p>\n<p align=\"JUSTIFY\"><span style=\"font-family: Arial, sans-serif;\">Die Synagoge, soweit ich mich erinnere, war sehr sch\u00f6n. Die Frauen waren auf der Empore, die M\u00e4nner unten. Ich erinnere mich an ein gro\u00dfes Fest an Simchat Thora(letzter j\u00fcdischer Feiertag im Anschlu\u00df an das Laubh\u00fcttenfest), die kleinen M\u00e4dchen, wie ich eins war, durften mit F\u00e4hnchen unten herumlaufen, w\u00e4hrend wir nat\u00fcrlich sonst nicht in die Synagoge durften, au\u00dfer an Rosh Hashanah(Neujahrsfest)., ein Dienstm\u00e4dchen brachte uns in die Synagoge, nicht wirklich in die Syngoge , nur in den Vorraum. Wir standen da, um das Shofar zu h\u00f6ren, dann wurden wir wieder heimgebracht. Alles war so typisch deutsch, es mu\u00dfte Ruhe herrschen, kein Herumtollen. Das jedenfalls sind meine Erinnerungen an die Synagoge.<\/span><\/p>\n<p align=\"JUSTIFY\"><span style=\"font-family: Arial, sans-serif;\">In der Schule war ich die einzige in meiner Klasse und daher auch die t\u00fcchtigste. Und ich erinnere mich, als die Saar, das Gebiet zwischen Deutschland und Frankreich, das nach dem Weltkrieg franz\u00f6sich wurde, aber in den drei\u00dfiger Jahren(1935) nach Deutschland heimkehrte. Da war unser Lehrer so stolz &#8211; in der Anfangszeit von Hitler war er, glaube ich, noch so unbedarft, dass Deutschland die Saar zur\u00fcckbekam. Ich wei\u00df nicht, warum mir das so im Ged\u00e4chtnis blieb, anscheinend hinterlie\u00df es einen starken Eindruck auf mich.<\/span><\/p>\n<p align=\"JUSTIFY\"><span style=\"font-family: Arial, sans-serif;\">Es gab ein Gesetz, wonach alle M\u00e4dchen das Stricken, H\u00e4keln oder sonstwie Handarbeit lernen mu\u00dften. Unsereiner, wir hatten einen Mann als Lehrer, also mu\u00dften wir am Freitagnachmittag in die christliche Schule zur Handarbeit, zum Stricken, Sticken, was wei\u00df ich was noch. So waren wir nur eine Handvoll von M\u00e4dchen, die kleinen unter 10 Jahren brauchten noch nicht. \u00dcber zehn wir mu\u00dften in die christliche Schule. Zun\u00e4chst sa\u00dfen da alle christlichen M\u00e4dchen klassenweise, wir j\u00fcdische M\u00e4dchen sa\u00dfen alle auf einem Haufen, weit weg von den christlichen. Es gab eine Menge Gekicher und sich \u00fcber uns lustig machen. Ein M\u00e4dchen hatte es besonders auf mich abgesehen und sie drohte, alle m\u00f6glichen Dinge zu verpetzen, was ich getan haben soll. Jedenfalls hatte ich solche Angst und nat\u00fcrlich habe ich nichts meiner Mutter gesagt. Nur jeden Freitag sagte ich, ich hab Bauchweh oder ich krieg eine Erk\u00e4ltung oder sonstwas, um nicht gehen zu m\u00fcssen, aber ich mu\u00dfte immer gehen. Und oh, noch was, die Lehrerin kam von Bad Neustadt, sie mu\u00df auch ein Nazi gewesen sein, so wie sie sich am Freitagnachmittg benahm. Wenn im Winter der Sabbat fr\u00fcher begann, durften wir etwas fr\u00fcher gehen. Daraus machte sie immer eine gro\u00dfe Schau, indem sie sagte: &#8222;Die Israeliten sind wieder weg.&#8220;. Wenn ich daran denke, ist es heute f\u00fcr mich noch ein gro\u00dfer Schreck, ein b\u00f6ser Traum.<\/span><\/p>\n<p><span style=\"font-family: Arial, sans-serif;\">Die meisten Juden, die nach Amerika kamen wohnten alle in der gleiche Nachbarschaft. Sie gr\u00fcndeten wieder eine Synagoge, die Unslebener Gemeinde gr\u00fcndete ihre eigene in Queens, einem Bezirk von New York, wo alle in fu\u00dfl\u00e4ufiger Entfernung wohnten und viele von uns waren ohnehin verwandt. Und sie nannten sie das Elmhurst j\u00fcdische Zentrum, weil sie im Gebiet von Elmhurst lag. Auf diese Weise sind wir <\/span>uns<span style=\"font-family: Arial, sans-serif;\"> immer begegnet.<\/span> <span style=\"font-family: Arial, sans-serif;\">Von der n\u00e4chsten Generation sind, glaube ich, schon viele weggezogen. Einige wurden sehr, sehr orthodox und gr\u00fcndeten eine andere Gemeinschaft in einem anderen teil der Queens, die noch heute existiert. Ein Cousin meiner Mutter, der eher in meinem Alter war, wurde der Rabbi in dieser Schule. Es gibt sie noch heute.<\/span><\/p>\n<p align=\"JUSTIFY\"><span style=\"font-family: Arial, sans-serif;\">Meine Mutter starb 1991. Es mss danach gewesen sein, dass wir von der Gemeinde in Cleveland h\u00f6rten, von den Juden, die 1830 Unsleben verlie\u00dfen. eine Cousine von mir fand dies heraus, leider lebt sie nicht mehr. Wir haben allerhand Informationen \u00fcber sie bekommen, wer sie waren, was wir vorher nicht wussten. Wie ich schon sagte, meine Eltern waren schon tot, so konnte ich noch nicht einmal jemand fragen, ob sie davon wussten. Ich bezweifle es, weil ich nie etwas davon h\u00f6rte.<\/span><\/p>\n<p align=\"JUSTIFY\"><span style=\"font-family: Arial, sans-serif;\">Jeder, als er oder kurz bevor er an Auswanderung dachte, hat versucht, irgendwo in einem anderen Land Verwandte zu finden, die ihm helfen konnten nach dort zu kommen. Und meine Gro\u00dfmutter m\u00fctterlicherseits hatte einen Onkel, der als junger Mann nach Amerika ging. Niemand von uns kannte ihn nat\u00fcrlich. Sie nahmen Verbindung mit ihm auf in Missouri und baten um eine B\u00fcrgschaft f\u00fcr meinen ledigen Onkel, den Bruder meiner Mutter, der auch auswanderte, ich glaube 1936 oder 1937, und dann baten sie um eine B\u00fcrgschaft f\u00fcr unsere Familie. Er war schon in seinen Achtzigern und ich glaube blind. Er sagte, er k\u00f6nne keine Familie mit drei Kindern unterst\u00fctzen, aber er w\u00fcrde eine B\u00fcrgschaft f\u00fcr meinen Vater schicken, er solle allein kommen, Arbeit finden und dann die Famiie nachkommen lassen. So emigrierte mein Vater im Oktober 1937 und 10 Monate sp\u00e4ter kamen wir nach, meine Mutter, mein Bruder, meine Schwester und meine Gro\u00dfmutter.<\/span><\/p>\n<p align=\"JUSTIFY\"><span style=\"font-family: Arial, sans-serif;\">Mein Vater und zwei seiner Br\u00fcder hatten einen Getreidehandel, den sie von ihrem Vater erbten und der schon lange existierte. An den Ortseing\u00e4ngen standen \u00fcberall Schilder mit der Aufschrift &#8222;Keine Gesch\u00e4fte mit Juden!&#8220;. Viele der Landwirte hatten Angst und folgten dem Aufruf, viele aber hatten keine Angst und machten weiter Gesch\u00e4fte mit Juden. Aber das Gesch\u00e4ft ging stark zur\u00fcck.<\/span><\/p>\n<p align=\"JUSTIFY\"><span style=\"font-family: Arial, sans-serif;\">Ein anderer Bruder meines Vaters war Arzt, er war der Landarzt f\u00fcr das Dorf und die Umgebung. und nat\u00fcrlich ging auch seine Praxis zur\u00fcck. Er ging glaube ich 1937 nach Amerika, ich wei\u00df nicht einmal, woher er seine B\u00fcrgschaft hatte, keine Idee, er war damals noch ledig.<\/span><\/p>\n<p align=\"JUSTIFY\"><span style=\"font-family: Arial, sans-serif;\">Mein Mann und mein Bruder organisierten einen Besuch f\u00fcr die ganze Familie mit Kindern und Enkeln nach Unsleben. Wir waren 26 Personen und reisten zusammen. es hat damit angefangen, das mein Bruder Ahnenforschung betreibt. er war am Computer und Angela Bungert bekam irgendwie eine Anfrage zu Gesicht. Sie war sehr interessiert daran, was den Juden passierte. Ich muss sagen ihre Familie, ihre Mutter(eher Gro\u00dfmutter) war mit den Familien meiner Mutter sehr gut befreundet vor der Nazizeit. Und Angela wollte mehr wissen, so kam sie in Verbindung mit meinem Bruder und irgendwie erfuhr auch die B\u00fcrgermeisterin davon und sandte eine Einladung. So hat alles angefangen.<\/span><\/p>\n<p align=\"JUSTIFY\"><span style=\"font-family: Arial, sans-serif;\">Noch davor nahm Prof. Hesselbach Kontakt mit meinem Bruder auf. Er wollte wissen, ob meine Cousine namens\u00a0Trudy Naumann\u00a0 auch mit nach Unsleben kommen wird. Und zu der Zeit wusste sie noch nicht, ob sie mitkommen wird. Jedenfalls lange Rede, kurzer Sinn, als wir in Unsleben waren, konnte es Prof. Hesselbach nicht erwarten, Trudy zu treffen. Trudy war sechs, als sie Unsleben verliess und er war\u00a0 gleichaltrig. Er sagte: &#8222;Ich muss Dich was fragen. Als wir uns als Kinder auf der Stra\u00dfe trafen, habe ich ein Steinchen von der Stra\u00dfe aufgehoben, es in ein Bonbonpapier gewickelt und Dir gegeben.&#8220; Mit Tr\u00e4nen in den Augen sagte er: &#8222;Verzeihst Du mir&#8220;. Und Trudy sagte: &#8222;Ich kann mich daran nicht erinnern.&#8220; (Die M\u00fctter waren in der Arztpraxis von Trudies Onkel Freundinnen geworden und besuchten sich nach ihrer Niederkunft mit den Kindern, die miteinander spielten). Seine Mutter, als er ihr mit schlechtem Gewissen erz\u00e4hlte, dass er Trudy so gefoppt hat, sagte ihm, dass dies nicht sch\u00f6n war, wo ihr doch als Babies so sch\u00f6n\u00a0<\/span><span style=\"font-family: Arial, sans-serif;\">miteinander gespielt habt. Gut er war gerade vier, hatte aber mitbekommen, dass Juden nicht mehr erw\u00fcnscht sind. Bis heute ist er mit ihr in Briefkontakt und als wir von Unsleben nach M\u00fcnchen weiterfuhren, hat sie in M\u00fcnchen von ihm ein Blumenbouquet bekommen mit der Nachricht &#8222;Bitte vergib mir&#8220;. Offenbar hat ihn dies sein ganzes Leben bedr\u00fcckt und er hat versucht, es gut zu machen mit den vielen Nachforschungen \u00fcber die Juden und den Kontakt mit uns.<\/span><\/p>\n<p><span style=\"font-weight: 400;\">\u00a0<\/span><\/p>\n<p>[\/et_pb_text][\/et_pb_column][\/et_pb_row][et_pb_row admin_label=&#8220;Row&#8220;][et_pb_column type=&#8220;1_3&#8243;][\/et_pb_column][et_pb_column type=&#8220;2_3&#8243;][\/et_pb_column][\/et_pb_row][et_pb_row admin_label=&#8220;Row&#8220;][et_pb_column type=&#8220;1_2&#8243;][et_pb_text admin_label=&#8220;Text&#8220; background_layout=&#8220;light&#8220; text_orientation=&#8220;left&#8220; use_border_color=&#8220;off&#8220; border_color=&#8220;#ffffff&#8220; border_style=&#8220;solid&#8220; custom_margin=&#8220;50px||0px|&#8220; custom_padding=&#8220;||0px|&#8220;]<\/p>\n<h5>Als wir\u00a0in Unsleben 1999 ankamen<\/h5>\n<p>[\/et_pb_text][et_pb_divider admin_label=&#8220;Divider&#8220; color=&#8220;#e02b20&#8243; show_divider=&#8220;on&#8220; divider_style=&#8220;solid&#8220; divider_position=&#8220;top&#8220; hide_on_mobile=&#8220;on&#8220;] [\/et_pb_divider][\/et_pb_column][et_pb_column type=&#8220;1_2&#8243;][\/et_pb_column][\/et_pb_row][et_pb_row admin_label=&#8220;Row&#8220; make_fullwidth=&#8220;off&#8220; use_custom_width=&#8220;off&#8220; width_unit=&#8220;on&#8220; use_custom_gutter=&#8220;off&#8220; custom_padding=&#8220;0px|||&#8220; padding_mobile=&#8220;off&#8220; allow_player_pause=&#8220;off&#8220; parallax=&#8220;off&#8220; parallax_method=&#8220;off&#8220; make_equal=&#8220;off&#8220; parallax_1=&#8220;off&#8220; parallax_method_1=&#8220;off&#8220; parallax_2=&#8220;off&#8220; parallax_method_2=&#8220;off&#8220; column_padding_mobile=&#8220;on&#8220;][et_pb_column type=&#8220;3_4&#8243;][et_pb_gallery admin_label=&#8220;Gallery&#8220; gallery_ids=&#8220;5336,5338,5339&#8243; fullwidth=&#8220;off&#8220; posts_number=&#8220;6&#8243; show_title_and_caption=&#8220;off&#8220; show_pagination=&#8220;off&#8220; background_layout=&#8220;light&#8220; auto=&#8220;off&#8220; hover_overlay_color=&#8220;rgba(255,255,255,0.9)&#8220; caption_all_caps=&#8220;off&#8220; use_border_color=&#8220;on&#8220; border_color=&#8220;#ffffff&#8220; border_style=&#8220;solid&#8220;] [\/et_pb_gallery][et_pb_text admin_label=&#8220;Text&#8220; background_layout=&#8220;light&#8220; text_orientation=&#8220;left&#8220; use_border_color=&#8220;off&#8220; border_color=&#8220;#ffffff&#8220; border_style=&#8220;solid&#8220;]<\/p>\n<h5><\/h5>\n<p>,Bei unserer Ankunft wurden wir vor dem fr\u00fcheren Lagerhaus unserer Familie(jetzt: Dorfscheuer) von zahlreichen W\u00fcrdentr\u00e4gern begr\u00fc\u00dft. Zwei kleine M\u00e4dchen haben uns Blumen \u00fcberreicht.\u00a0Als wir in die Halle eintraten hat ein Blasorchester gespielt. Die Tische waren gedeckt und\u00a0 reich dekoriert.<\/p>\n<p>Nachdem alle Platz genommen hatten, wurden wir von der B\u00fcrgermeisterin Elisabeth Machon\u00a0 und anderen begr\u00fc\u00dft. Dann haben die vier in Unsleben geborenen Teilnehmer Angela Bungert einen Kristallapfel \u00fcberreicht, der die Stadt New York\u00a0 repr\u00e4sentiert. In dem schwarzwei\u00df-Foto h\u00e4lt ihn Angela in ihrer Hand. Links von ihr steht Fred Naumann und seine Schwestern Lottie Naumann-Hess und Ruth Haumann-Derison und deren Cousine Trudy Naumann-Dreyer. Ganz rechts im wei\u00dfen Hemd steht Professor Hesselbach.<\/p>\n<p>Auf dem Foto mit den zwei Frauen ist Lottie Hess zusammen mit Angelas Mutter, Irmgard Bungert. Dieser Tag hat\u00a0sie nach 60 Jahren wieder zusammen gebracht.\u00a0Sie waren Spielkameraden, Angela`s Gro\u00dfeltern lie\u00dfen Ihre Kinder mit j\u00fcdischen Kindern spielen bis\u00a0sie Unsleben verlie\u00dfen.<\/p>\n<p>&nbsp;<\/p>\n<p>[\/et_pb_text][\/et_pb_column][et_pb_column type=&#8220;1_4&#8243;][et_pb_image admin_label=&#8220;Image&#8220; src=&#8220;http:\/\/judaica-unsleben.de\/wp-content\/uploads\/2016\/05\/S_Untitled-1.jpg&#8220; show_in_lightbox=&#8220;on&#8220; url_new_window=&#8220;off&#8220; use_overlay=&#8220;on&#8220; animation=&#8220;left&#8220; sticky=&#8220;off&#8220; align=&#8220;left&#8220; force_fullwidth=&#8220;off&#8220; always_center_on_mobile=&#8220;on&#8220; use_border_color=&#8220;off&#8220; border_color=&#8220;#ffffff&#8220; border_style=&#8220;solid&#8220;] [\/et_pb_image][\/et_pb_column][\/et_pb_row][et_pb_row admin_label=&#8220;Row&#8220;][et_pb_column type=&#8220;1_2&#8243;][et_pb_text admin_label=&#8220;Text&#8220; background_layout=&#8220;light&#8220; text_orientation=&#8220;left&#8220; use_border_color=&#8220;off&#8220; border_color=&#8220;#ffffff&#8220; border_style=&#8220;solid&#8220; custom_margin=&#8220;50px||0px|&#8220; custom_padding=&#8220;||0px|&#8220;]<\/p>\n<h5><span style=\"font-weight: 400;\">Wasserschloss&#8216; 99 visit<\/span><\/h5>\n<p>[\/et_pb_text][et_pb_divider admin_label=&#8220;Divider&#8220; color=&#8220;#e02b20&#8243; show_divider=&#8220;on&#8220; divider_style=&#8220;solid&#8220; divider_position=&#8220;top&#8220; hide_on_mobile=&#8220;on&#8220;] [\/et_pb_divider][\/et_pb_column][et_pb_column type=&#8220;1_2&#8243;][\/et_pb_column][\/et_pb_row][et_pb_row admin_label=&#8220;Row&#8220;][et_pb_column type=&#8220;4_4&#8243;][et_pb_gallery admin_label=&#8220;Gallery&#8220; gallery_ids=&#8220;5363,5362,5361,5360&#8243; fullwidth=&#8220;off&#8220; show_title_and_caption=&#8220;on&#8220; show_pagination=&#8220;off&#8220; background_layout=&#8220;light&#8220; auto=&#8220;off&#8220; hover_overlay_color=&#8220;rgba(255,255,255,0.9)&#8220; caption_all_caps=&#8220;off&#8220; use_border_color=&#8220;off&#8220; border_color=&#8220;#ffffff&#8220; border_style=&#8220;solid&#8220; title_font_size=&#8220;12&#8243;] [\/et_pb_gallery][\/et_pb_column][\/et_pb_row][et_pb_row admin_label=&#8220;Row&#8220;][et_pb_column type=&#8220;3_4&#8243;][et_pb_gallery admin_label=&#8220;Gallery&#8220; gallery_ids=&#8220;5359,5358,5356&#8243; fullwidth=&#8220;off&#8220; show_title_and_caption=&#8220;on&#8220; show_pagination=&#8220;off&#8220; background_layout=&#8220;light&#8220; auto=&#8220;off&#8220; hover_overlay_color=&#8220;rgba(255,255,255,0.9)&#8220; caption_all_caps=&#8220;off&#8220; use_border_color=&#8220;off&#8220; border_color=&#8220;#ffffff&#8220; border_style=&#8220;solid&#8220; posts_number=&#8220;3&#8243; title_font_size=&#8220;12&#8243;] [\/et_pb_gallery][et_pb_text admin_label=&#8220;Text&#8220; background_layout=&#8220;light&#8220; text_orientation=&#8220;left&#8220; use_border_color=&#8220;off&#8220; border_color=&#8220;#ffffff&#8220; border_style=&#8220;solid&#8220;]<\/p>\n<p><span style=\"font-weight: 400;\">Photos von Besuch 1999: Diese sind vom Abendempfang im Schlo\u00df<\/span><\/p>\n<p>Das Photo\u00a0mit dem Titel \u00a0&#8218;Wasserschloss&#8216; zeigt unsere Ankunft.\u00a0\u00a0 Die Gruppe von Kindern sind\u00a0die j\u00fcngsten Teilnehmer unserer Besuchsgruppe: Rebecca Derison, Alex Koenig, Samantha Derison, Katlyn Koenig, Emma Dreyer und Mackenzie Naumann.<\/p>\n<p><span style=\"font-weight: 400;\">Das Photo mit dem Titel &#8218;Wasserschloss 2&#8216;\u00a0 zeigt noch einmal besser die \u00dcberreichung des Kristallapfels.<\/span><\/p>\n<p><span style=\"font-weight: 400;\">Auf\u00a0dem\u00a0Photo\u00a0\u00a0ganz rechts\u00a0ist der junge Graf mit Dianne Naumann rechts von ihm und links von ihm\u00a0ihre Schwester Arleen.\u00a0 Zu dieser Zeit war der junge Graf frisch verlobt. Heute lebt er mit Frau und Kindern im Schloss. Sie haben Teile des Schlosses in Ferienwohnungen umgewandelt.\u00a0 Lottie Hess hat mit Ehemann Werner und Tochter Arleen 2006 dort gewohnt.<\/span><\/p>\n<p><span style=\"font-weight: 400;\">Die Photos mit dem Titel &#8218;Wasserschloss dinner&#8216; zeigen das Buffet vor dem Konzert in der Schlossscheune..<\/span><\/p>\n<p><span style=\"font-weight: 400;\">Oben links: Ruth Naumann-Derison und Arleen Hess im Gespr\u00e4ch mit\u00a0 Christoph Graf zu Waldburg Wolfegg<\/span><\/p>\n<p><span style=\"font-weight: 400;\">Oben rechts: Werner Hess\u00a0im Gespr\u00e4ch mit der Gr\u00e4fin.<\/span><\/p>\n<p><span style=\"font-weight: 400;\">Unten rechts: Der junge Graf zeigt uns Dokumente aus dem Archiv zur Beziehung seiner Vorfahren mit den Unslebeneer Juden.\u00a0 Er sagte auch, dass seine Familie bis zur Hitlerzeit den Juden im Schutz bieten konnte.<\/span><\/p>\n<p><span style=\"font-weight: 400;\">Die Schlossherrn waren urspr\u00fcnglich Freiherren bis eine Tochter(die Mutter des jungen Grafen) einen Graf heiratete und sie damit zur Gr\u00e4fin aufstieg.<\/span><\/p>\n<p>&nbsp;<\/p>\n<p>[\/et_pb_text][\/et_pb_column][et_pb_column type=&#8220;1_4&#8243;][et_pb_image admin_label=&#8220;Image&#8220; src=&#8220;http:\/\/judaica-unsleben.de\/wp-content\/uploads\/2016\/05\/S_Wasserschloss-2-99_02.jpg&#8220; title_text=&#8220;Wasserschloss-2&#8243; show_in_lightbox=&#8220;on&#8220; url_new_window=&#8220;off&#8220; use_overlay=&#8220;on&#8220; animation=&#8220;left&#8220; sticky=&#8220;off&#8220; align=&#8220;left&#8220; force_fullwidth=&#8220;off&#8220; always_center_on_mobile=&#8220;on&#8220; use_border_color=&#8220;off&#8220; border_color=&#8220;#ffffff&#8220; border_style=&#8220;solid&#8220; alt=&#8220;Wasserschloss-2&#8243; custom_margin=&#8220;||0px|&#8220;] [\/et_pb_image][et_pb_text admin_label=&#8220;Text&#8220; background_layout=&#8220;light&#8220; text_orientation=&#8220;left&#8220; disabled=&#8220;off&#8220; disabled_on=&#8220;on|on|&#8220; use_border_color=&#8220;off&#8220; border_color=&#8220;#ffffff&#8220; border_style=&#8220;solid&#8220; custom_margin=&#8220;5px|||&#8220; custom_padding=&#8220;0px|||&#8220;]<\/p>\n<p class=\"et_pb_gallery_title\">Wasserschloss-2<\/p>\n<p>[\/et_pb_text][\/et_pb_column][\/et_pb_row][\/et_pb_section]<\/p>\n","protected":false},"excerpt":{"rendered":"<p>Lottie Nauman Hess Ich wurde 1925 geboren, meine fr\u00fchesten Erinnerungen an die Hitlerzeit decken sich wahrscheinlich mit meiner Einschulung(1932). Wir hatten eine j\u00fcdische Schule in Unsleben, mein Vater ging schon in diese Schule. Alle Klassen in einem Zimmer, wobei, glaube ich, vor der Hitlerzeit die meisten Sch\u00fcler nach der vierten Klasse nach Bad Neustadt auf [&hellip;]<\/p>\n","protected":false},"author":2,"featured_media":0,"parent":0,"menu_order":40,"comment_status":"closed","ping_status":"closed","template":"","meta":{"_et_pb_use_builder":"on","_et_pb_old_content":"","_et_gb_content_width":"","footnotes":""},"class_list":["post-5527","page","type-page","status-publish","hentry"],"_links":{"self":[{"href":"http:\/\/judaica-unsleben.de\/de\/wp-json\/wp\/v2\/pages\/5527","targetHints":{"allow":["GET"]}}],"collection":[{"href":"http:\/\/judaica-unsleben.de\/de\/wp-json\/wp\/v2\/pages"}],"about":[{"href":"http:\/\/judaica-unsleben.de\/de\/wp-json\/wp\/v2\/types\/page"}],"author":[{"embeddable":true,"href":"http:\/\/judaica-unsleben.de\/de\/wp-json\/wp\/v2\/users\/2"}],"replies":[{"embeddable":true,"href":"http:\/\/judaica-unsleben.de\/de\/wp-json\/wp\/v2\/comments?post=5527"}],"version-history":[{"count":25,"href":"http:\/\/judaica-unsleben.de\/de\/wp-json\/wp\/v2\/pages\/5527\/revisions"}],"predecessor-version":[{"id":7447,"href":"http:\/\/judaica-unsleben.de\/de\/wp-json\/wp\/v2\/pages\/5527\/revisions\/7447"}],"wp:attachment":[{"href":"http:\/\/judaica-unsleben.de\/de\/wp-json\/wp\/v2\/media?parent=5527"}],"curies":[{"name":"wp","href":"https:\/\/api.w.org\/{rel}","templated":true}]}}